{"id":1647,"date":"2026-01-09T05:27:24","date_gmt":"2026-01-09T05:27:24","guid":{"rendered":"http:\/\/gusd.happy-staging.com\/?page_id=1647"},"modified":"2026-01-27T13:14:44","modified_gmt":"2026-01-27T13:14:44","slug":"executive-summary","status":"publish","type":"page","link":"https:\/\/gusdfmp.org\/es\/facilities-master-plan\/executive-summary\/","title":{"rendered":"Resumen ejecutivo"},"content":{"rendered":"<div data-elementor-type=\"wp-page\" data-elementor-id=\"1647\" class=\"elementor elementor-1647\" data-elementor-settings=\"{&quot;element_pack_global_tooltip_width&quot;:{&quot;unit&quot;:&quot;px&quot;,&quot;size&quot;:&quot;&quot;,&quot;sizes&quot;:[]},&quot;element_pack_global_tooltip_width_tablet&quot;:{&quot;unit&quot;:&quot;px&quot;,&quot;size&quot;:&quot;&quot;,&quot;sizes&quot;:[]},&quot;element_pack_global_tooltip_width_mobile&quot;:{&quot;unit&quot;:&quot;px&quot;,&quot;size&quot;:&quot;&quot;,&quot;sizes&quot;:[]},&quot;element_pack_global_tooltip_padding&quot;:{&quot;unit&quot;:&quot;px&quot;,&quot;top&quot;:&quot;&quot;,&quot;right&quot;:&quot;&quot;,&quot;bottom&quot;:&quot;&quot;,&quot;left&quot;:&quot;&quot;,&quot;isLinked&quot;:true},&quot;element_pack_global_tooltip_padding_tablet&quot;:{&quot;unit&quot;:&quot;px&quot;,&quot;top&quot;:&quot;&quot;,&quot;right&quot;:&quot;&quot;,&quot;bottom&quot;:&quot;&quot;,&quot;left&quot;:&quot;&quot;,&quot;isLinked&quot;:true},&quot;element_pack_global_tooltip_padding_mobile&quot;:{&quot;unit&quot;:&quot;px&quot;,&quot;top&quot;:&quot;&quot;,&quot;right&quot;:&quot;&quot;,&quot;bottom&quot;:&quot;&quot;,&quot;left&quot;:&quot;&quot;,&quot;isLinked&quot;:true},&quot;element_pack_global_tooltip_border_radius&quot;:{&quot;unit&quot;:&quot;px&quot;,&quot;top&quot;:&quot;&quot;,&quot;right&quot;:&quot;&quot;,&quot;bottom&quot;:&quot;&quot;,&quot;left&quot;:&quot;&quot;,&quot;isLinked&quot;:true},&quot;element_pack_global_tooltip_border_radius_tablet&quot;:{&quot;unit&quot;:&quot;px&quot;,&quot;top&quot;:&quot;&quot;,&quot;right&quot;:&quot;&quot;,&quot;bottom&quot;:&quot;&quot;,&quot;left&quot;:&quot;&quot;,&quot;isLinked&quot;:true},&quot;element_pack_global_tooltip_border_radius_mobile&quot;:{&quot;unit&quot;:&quot;px&quot;,&quot;top&quot;:&quot;&quot;,&quot;right&quot;:&quot;&quot;,&quot;bottom&quot;:&quot;&quot;,&quot;left&quot;:&quot;&quot;,&quot;isLinked&quot;:true}}\" data-elementor-post-type=\"page\">\n\t\t\t\t<div class=\"elementor-element elementor-element-21374d53 e-con-full elementor-hidden-tablet elementor-hidden-mobile bdt-backdrop-filter-yes e-flex e-con e-parent\" data-id=\"21374d53\" data-element_type=\"container\" id=\"anchor-menu\" data-settings=\"{&quot;sticky&quot;:&quot;top&quot;,&quot;sticky_on&quot;:[&quot;desktop&quot;],&quot;sticky_offset&quot;:119,&quot;sticky_effects_offset&quot;:0,&quot;sticky_anchor_link_offset&quot;:0}\">\n\t\t\t\t<div class=\"elementor-element elementor-element-60a773ef elementor-widget elementor-widget-bdt-scrollnav\" data-id=\"60a773ef\" data-element_type=\"widget\" data-widget_type=\"bdt-scrollnav.default\">\n\t\t\t\t<div class=\"elementor-widget-container\">\n\t\t\t\t\t\t\t<div class=\"bdt-scrollnav bdt-navbar-container bdt-navbar-transparent bdt-navbar\" data-bdt-navbar=\"\">\r\n\t\t\t<div class=\"bdt-navbar-center\">\r\n\t\t\t\t<ul class=\"bdt-navbar-nav\" data-bdt-scrollspy-nav=\"closest: li; scroll: true; offset: 197;\">\r\n\t\t\t\t\t\t\t\t<li>\r\n\t\t\t\t<a data-tippy-content=\"\" href=\"\/es\/facilities-master-plan\/executive-summary\/\">\r\n\t\t\t\t\tResumen ejecutivo\t\t\t\t\t\t\t\t\t<\/a>\r\n\t\t\t<\/li>\r\n\t\t\t\t\t\t<li>\r\n\t\t\t\t<a data-tippy-content=\"\" href=\"\/es\/facilities-master-plan\/district-overview\/\">\r\n\t\t\t\t\tDescripci\u00f3n general del distrito\t\t\t\t\t\t\t\t\t<\/a>\r\n\t\t\t<\/li>\r\n\t\t\t\t\t\t<li>\r\n\t\t\t\t<a data-tippy-content=\"\" href=\"\/es\/facilities-master-plan\/process-overview\/\">\r\n\t\t\t\t\tDescripci\u00f3n general del proceso\t\t\t\t\t\t\t\t\t<\/a>\r\n\t\t\t<\/li>\r\n\t\t\t\t\t\t<li>\r\n\t\t\t\t<a data-tippy-content=\"\" href=\"\/es\/facilities-master-plan\/community-engagement\/\">\r\n\t\t\t\t\tParticipaci\u00f3n comunitaria\t\t\t\t\t\t\t\t\t<\/a>\r\n\t\t\t<\/li>\r\n\t\t\t\t\t\t<li>\r\n\t\t\t\t<a data-tippy-content=\"\" href=\"\/es\/facilities-master-plan\/existing-condition-assessment-and-proposed-modernization\/\">\r\n\t\t\t\t\tEvaluaci\u00f3n del estado actual y modernizaci\u00f3n propuesta\t\t\t\t\t\t\t\t\t<\/a>\r\n\t\t\t<\/li>\r\n\t\t\t\t\t\t<li>\r\n\t\t\t\t<a data-tippy-content=\"\" href=\"\/es\/facilities-master-plan\/program-vision-and-standards\/\">\r\n\t\t\t\t\tVisi\u00f3n y est\u00e1ndares del programa\t\t\t\t\t\t\t\t\t<\/a>\r\n\t\t\t<\/li>\r\n\t\t\t\t\t\t<li>\r\n\t\t\t\t<a data-tippy-content=\"\" href=\"\/es\/facilities-master-plan\/summary-and-cost-estimates\/\">\r\n\t\t\t\t\tResumen y estimaciones de costos\t\t\t\t\t\t\t\t\t<\/a>\r\n\t\t\t<\/li>\r\n\t\t\t\t\t\t\t<\/ul>\r\n\t\t\t<\/div>\r\n\t\t<\/div>\r\n\t    \t\t\t\t<\/div>\n\t\t\t\t<\/div>\n\t\t\t\t<\/div>\n\t\t<div class=\"elementor-element elementor-element-5a0c9e4f no-top e-flex e-con-boxed e-con e-parent\" data-id=\"5a0c9e4f\" data-element_type=\"container\">\n\t\t\t\t\t<div class=\"e-con-inner\">\n\t\t<div class=\"elementor-element elementor-element-1b4415d e-con-full e-flex e-con e-child\" data-id=\"1b4415d\" data-element_type=\"container\">\n\t\t<div class=\"elementor-element elementor-element-7da8c435 e-con-full e-flex e-con e-child\" data-id=\"7da8c435\" data-element_type=\"container\" id=\"sidebar-menu\" data-settings=\"{&quot;sticky&quot;:&quot;top&quot;,&quot;sticky_offset&quot;:220,&quot;sticky_anchor_link_offset&quot;:220,&quot;sticky_on&quot;:[&quot;desktop&quot;,&quot;tablet&quot;],&quot;sticky_offset_mobile&quot;:20,&quot;sticky_effects_offset&quot;:0}\">\n\t\t\t\t<div class=\"elementor-element elementor-element-9ecf60e elementor-align-justify elementor-widget elementor-widget-button\" data-id=\"9ecf60e\" data-element_type=\"widget\" data-widget_type=\"button.default\">\n\t\t\t\t<div class=\"elementor-widget-container\">\n\t\t\t\t\t\t\t\t\t<div class=\"elementor-button-wrapper\">\n\t\t\t\t\t<a class=\"elementor-button elementor-button-link elementor-size-sm\" href=\"#statement-of-purpose\">\n\t\t\t\t\t\t<span class=\"elementor-button-content-wrapper\">\n\t\t\t\t\t\t\t\t\t<span class=\"elementor-button-text\">Declaraci\u00f3n de prop\u00f3sito<\/span>\n\t\t\t\t\t<\/span>\n\t\t\t\t\t<\/a>\n\t\t\t\t<\/div>\n\t\t\t\t\t\t\t\t<\/div>\n\t\t\t\t<\/div>\n\t\t\t\t<div class=\"elementor-element elementor-element-cde2863 elementor-align-justify elementor-widget elementor-widget-button\" data-id=\"cde2863\" data-element_type=\"widget\" data-widget_type=\"button.default\">\n\t\t\t\t<div class=\"elementor-widget-container\">\n\t\t\t\t\t\t\t\t\t<div class=\"elementor-button-wrapper\">\n\t\t\t\t\t<a class=\"elementor-button elementor-button-link elementor-size-sm\" href=\"#districts-mission\">\n\t\t\t\t\t\t<span class=\"elementor-button-content-wrapper\">\n\t\t\t\t\t\t\t\t\t<span class=\"elementor-button-text\">Misi\u00f3n del Distrito<\/span>\n\t\t\t\t\t<\/span>\n\t\t\t\t\t<\/a>\n\t\t\t\t<\/div>\n\t\t\t\t\t\t\t\t<\/div>\n\t\t\t\t<\/div>\n\t\t\t\t<div class=\"elementor-element elementor-element-1053251 elementor-align-justify elementor-widget elementor-widget-button\" data-id=\"1053251\" data-element_type=\"widget\" data-widget_type=\"button.default\">\n\t\t\t\t<div class=\"elementor-widget-container\">\n\t\t\t\t\t\t\t\t\t<div class=\"elementor-button-wrapper\">\n\t\t\t\t\t<a class=\"elementor-button elementor-button-link elementor-size-sm\" href=\"#summary-of-key-findings\">\n\t\t\t\t\t\t<span class=\"elementor-button-content-wrapper\">\n\t\t\t\t\t\t\t\t\t<span class=\"elementor-button-text\">Resumen de los hallazgos clave<\/span>\n\t\t\t\t\t<\/span>\n\t\t\t\t\t<\/a>\n\t\t\t\t<\/div>\n\t\t\t\t\t\t\t\t<\/div>\n\t\t\t\t<\/div>\n\t\t\t\t<div class=\"elementor-element elementor-element-583dc4d elementor-align-justify elementor-widget elementor-widget-button\" data-id=\"583dc4d\" data-element_type=\"widget\" data-widget_type=\"button.default\">\n\t\t\t\t<div class=\"elementor-widget-container\">\n\t\t\t\t\t\t\t\t\t<div class=\"elementor-button-wrapper\">\n\t\t\t\t\t<a class=\"elementor-button elementor-button-link elementor-size-sm\" href=\"#priority-recommendations\">\n\t\t\t\t\t\t<span class=\"elementor-button-content-wrapper\">\n\t\t\t\t\t\t\t\t\t<span class=\"elementor-button-text\">Recomendaciones prioritarias<\/span>\n\t\t\t\t\t<\/span>\n\t\t\t\t\t<\/a>\n\t\t\t\t<\/div>\n\t\t\t\t\t\t\t\t<\/div>\n\t\t\t\t<\/div>\n\t\t\t\t<div class=\"elementor-element elementor-element-98102f9 elementor-align-justify elementor-widget elementor-widget-button\" data-id=\"98102f9\" data-element_type=\"widget\" data-widget_type=\"button.default\">\n\t\t\t\t<div class=\"elementor-widget-container\">\n\t\t\t\t\t\t\t\t\t<div class=\"elementor-button-wrapper\">\n\t\t\t\t\t<a class=\"elementor-button elementor-button-link elementor-size-sm\" href=\"#financial-overview\">\n\t\t\t\t\t\t<span class=\"elementor-button-content-wrapper\">\n\t\t\t\t\t\t\t\t\t<span class=\"elementor-button-text\">Panorama financiero<\/span>\n\t\t\t\t\t<\/span>\n\t\t\t\t\t<\/a>\n\t\t\t\t<\/div>\n\t\t\t\t\t\t\t\t<\/div>\n\t\t\t\t<\/div>\n\t\t\t\t<\/div>\n\t\t<div class=\"elementor-element elementor-element-d61f04a e-con-full e-flex e-con e-child\" data-id=\"d61f04a\" data-element_type=\"container\">\n\t\t\t\t<div class=\"elementor-element elementor-element-fa053aa elementor-widget elementor-widget-image\" data-id=\"fa053aa\" data-element_type=\"widget\" data-widget_type=\"image.default\">\n\t\t\t\t<div class=\"elementor-widget-container\">\n\t\t\t\t\t\t\t\t\t\t\t\t\t\t\t<img fetchpriority=\"high\" decoding=\"async\" width=\"1000\" height=\"668\" src=\"https:\/\/gusdfmp.org\/wp-content\/uploads\/2026\/01\/Brownell-Middle-School-B-43-1024x684.jpg\" class=\"attachment-large size-large wp-image-1787\" alt=\"\" srcset=\"https:\/\/gusdfmp.org\/wp-content\/uploads\/2026\/01\/Brownell-Middle-School-B-43-1024x684.jpg 1024w, https:\/\/gusdfmp.org\/wp-content\/uploads\/2026\/01\/Brownell-Middle-School-B-43-300x200.jpg 300w, https:\/\/gusdfmp.org\/wp-content\/uploads\/2026\/01\/Brownell-Middle-School-B-43-768x513.jpg 768w, https:\/\/gusdfmp.org\/wp-content\/uploads\/2026\/01\/Brownell-Middle-School-B-43-1536x1026.jpg 1536w, https:\/\/gusdfmp.org\/wp-content\/uploads\/2026\/01\/Brownell-Middle-School-B-43-650x434.jpg 650w, https:\/\/gusdfmp.org\/wp-content\/uploads\/2026\/01\/Brownell-Middle-School-B-43.jpg 1700w\" sizes=\"(max-width: 1000px) 100vw, 1000px\" \/>\t\t\t\t\t\t\t\t\t\t\t\t\t\t\t<\/div>\n\t\t\t\t<\/div>\n\t\t\t\t<div class=\"elementor-element elementor-element-3779cdf elementor-widget elementor-widget-image\" data-id=\"3779cdf\" data-element_type=\"widget\" data-widget_type=\"image.default\">\n\t\t\t\t<div class=\"elementor-widget-container\">\n\t\t\t\t\t\t\t\t\t\t\t\t\t\t\t<img decoding=\"async\" width=\"1000\" height=\"742\" src=\"https:\/\/gusdfmp.org\/wp-content\/uploads\/2026\/01\/hero_crop-this-1024x760.jpg\" class=\"attachment-large size-large wp-image-1788\" alt=\"\" srcset=\"https:\/\/gusdfmp.org\/wp-content\/uploads\/2026\/01\/hero_crop-this-1024x760.jpg 1024w, https:\/\/gusdfmp.org\/wp-content\/uploads\/2026\/01\/hero_crop-this-300x223.jpg 300w, https:\/\/gusdfmp.org\/wp-content\/uploads\/2026\/01\/hero_crop-this-768x570.jpg 768w, https:\/\/gusdfmp.org\/wp-content\/uploads\/2026\/01\/hero_crop-this-650x483.jpg 650w, https:\/\/gusdfmp.org\/wp-content\/uploads\/2026\/01\/hero_crop-this.jpg 1317w\" sizes=\"(max-width: 1000px) 100vw, 1000px\" \/>\t\t\t\t\t\t\t\t\t\t\t\t\t\t\t<\/div>\n\t\t\t\t<\/div>\n\t\t\t\t<\/div>\n\t\t\t\t<\/div>\n\t\t<div class=\"elementor-element elementor-element-13d57aa e-con-full e-flex e-con e-child\" data-id=\"13d57aa\" data-element_type=\"container\">\n\t\t\t\t<div class=\"elementor-element elementor-element-b17d15a elementor-widget-divider--view-line_text elementor-widget-divider--element-align-left elementor-widget elementor-widget-divider\" data-id=\"b17d15a\" data-element_type=\"widget\" data-widget_type=\"divider.default\">\n\t\t\t\t<div class=\"elementor-widget-container\">\n\t\t\t\t\t\t\t<div class=\"elementor-divider\">\n\t\t\t<span class=\"elementor-divider-separator\">\n\t\t\t\t\t\t\t<h3 class=\"elementor-divider__text elementor-divider__element\">\n\t\t\t\tResumen ejecutivo\t\t\t\t<\/h3>\n\t\t\t\t\t\t<\/span>\n\t\t<\/div>\n\t\t\t\t\t\t<\/div>\n\t\t\t\t<\/div>\n\t\t\t\t<div class=\"elementor-element elementor-element-c462d6a elementor-widget elementor-widget-text-editor\" data-id=\"c462d6a\" data-element_type=\"widget\" data-widget_type=\"text-editor.default\">\n\t\t\t\t<div class=\"elementor-widget-container\">\n\t\t\t\t\t\t\t\t\t<p>Gilroy Unified School District (GUSD) is located in the southernmost region of Santa Clara County. The District consists of 15 schools: (8) K-6 Elementary Schools, (3) Middle Schools (grades 6-8), (2) Comprehensive High Schools, (1) Continuation High School, (1) Early College Academy, and (1) K-8 Charter School. The District also operates Pre-Schools at (3) sites and has (2) District support sites.<\/p><p>Over the last several years, the student population has been declining from 10,348 in 2021 to 9,881 in 2025 for students in TK-12. However, in recent years, the student population has seemed to level out.<\/p><p>The Gilroy Unified School District is the largest employer in the city. Our District benefits from many community partnerships including: the City of Gilroy, Gilroy Rotary, Gilroy Garlic Festival Association, Gavilan College, Gilroy Foundation, Gilroy Chamber of Commerce, and the Gilroy Welcome Center.<\/p><p>Known for its garlic fields, the agricultural areas that surround Gilroy provide a diverse array of agribusiness opportunities for its occupants. The town is home to commuters to Silicon Valley.<\/p><p>In 2016, Gilroy Unified School District underwent a major master plan effort. In an ongoing effort to comply with the Education Code of California and in preparation to pursue state funding with the Office of Public School Construction, the District hired Aedis Architects to create this updated 2026 Master Plan. This plan is to support the District\u2019s goal to meet the changing needs of students and to help ensure that resources are allocated in an efficient and effective manner.<\/p><p>Este plan maestro se utilizar\u00e1 para informar los procesos de planificaci\u00f3n y selecci\u00f3n de proyectos para futuros proyectos de construcci\u00f3n de capital ejecutados utilizando fondos de bonos de obligaci\u00f3n general.<\/p>\t\t\t\t\t\t\t\t<\/div>\n\t\t\t\t<\/div>\n\t\t\t\t<div class=\"elementor-element elementor-element-4867ad60 elementor-widget elementor-widget-heading\" data-id=\"4867ad60\" data-element_type=\"widget\" id=\"statement-of-purpose\" data-widget_type=\"heading.default\">\n\t\t\t\t<div class=\"elementor-widget-container\">\n\t\t\t\t\t<h5 class=\"elementor-heading-title elementor-size-default\">Declaraci\u00f3n de prop\u00f3sito<\/h5>\t\t\t\t<\/div>\n\t\t\t\t<\/div>\n\t\t\t\t<div class=\"elementor-element elementor-element-cefe762 elementor-widget elementor-widget-text-editor\" data-id=\"cefe762\" data-element_type=\"widget\" data-widget_type=\"text-editor.default\">\n\t\t\t\t<div class=\"elementor-widget-container\">\n\t\t\t\t\t\t\t\t\t<p>A Facilities Master Plan (FMP) is a long-term roadmap for the planning, maintenance and improvement of school facilities. It aligns district goals with the needs of students, staff, and the community by evaluating current conditions, projecting future growth, and prioritizing projects that create safe, modern, and effective learning environments. Serving as a flexible framework, the FMP guides orderly growth by outlining capital improvements, budget considerations, and land use strategies to meet both current and future needs over a five-to-ten-year horizon.<\/p>\t\t\t\t\t\t\t\t<\/div>\n\t\t\t\t<\/div>\n\t\t\t\t<div class=\"elementor-element elementor-element-89f65a6 elementor-widget elementor-widget-heading\" data-id=\"89f65a6\" data-element_type=\"widget\" id=\"districts-mission\" data-widget_type=\"heading.default\">\n\t\t\t\t<div class=\"elementor-widget-container\">\n\t\t\t\t\t<h5 class=\"elementor-heading-title elementor-size-default\">Misi\u00f3n del Distrito<\/h5>\t\t\t\t<\/div>\n\t\t\t\t<\/div>\n\t\t\t\t<div class=\"elementor-element elementor-element-130b00d elementor-widget elementor-widget-text-editor\" data-id=\"130b00d\" data-element_type=\"widget\" data-widget_type=\"text-editor.default\">\n\t\t\t\t<div class=\"elementor-widget-container\">\n\t\t\t\t\t\t\t\t\tThe Gilroy Unified School District will provide opportunities for all students to reach their highest intellectual competencies and personal attributes to be life-long learners, responsible citizens, and productive members of society. This will be accomplished by having a clear focus on student needs; staff, parents and community members demonstrating high expectations for themselves and for every child served; and by continually improving the quality of teaching and learning.\t\t\t\t\t\t\t\t<\/div>\n\t\t\t\t<\/div>\n\t\t\t\t<div class=\"elementor-element elementor-element-f42d233 elementor-widget elementor-widget-heading\" data-id=\"f42d233\" data-element_type=\"widget\" id=\"summary-of-key-findings\" data-widget_type=\"heading.default\">\n\t\t\t\t<div class=\"elementor-widget-container\">\n\t\t\t\t\t<h5 class=\"elementor-heading-title elementor-size-default\">Resumen de los hallazgos clave<\/h5>\t\t\t\t<\/div>\n\t\t\t\t<\/div>\n\t\t\t\t<div class=\"elementor-element elementor-element-d540188 elementor-widget elementor-widget-text-editor\" data-id=\"d540188\" data-element_type=\"widget\" data-widget_type=\"text-editor.default\">\n\t\t\t\t<div class=\"elementor-widget-container\">\n\t\t\t\t\t\t\t\t\tThe District\u2019s schools are largely operational and reflect a wide range of ages, conditions, and levels of deferred maintenance. While most campuses are in serviceable and fair condition, most campuses could use good refresh. Common issues among all campuses include aging interior finishes, worn flooring, outdated lighting and furniture, water-damaged ceilings, and incomplete accessibility compliance in classrooms, restrooms, parking, and site circulation. Campuses generally include a mix of permanent buildings and portable classrooms, with permanent structures typically in fair condition and portables consistently exhibiting the most significant deterioration. Site infrastructures such as asphalt paving, play yards, drop-off areas, and parking are frequently uneven, congested, or undersized, contributing to safety and accessibility concerns. Many campuses lack adequate shade, storage, flexible learning spaces, and support areas to meet current educational and enrollment demands.\t\t\t\t\t\t\t\t<\/div>\n\t\t\t\t<\/div>\n\t\t\t\t<div class=\"elementor-element elementor-element-eae2fac elementor-widget elementor-widget-heading\" data-id=\"eae2fac\" data-element_type=\"widget\" id=\"priority-recommendations\" data-widget_type=\"heading.default\">\n\t\t\t\t<div class=\"elementor-widget-container\">\n\t\t\t\t\t<h5 class=\"elementor-heading-title elementor-size-default\">Recomendaciones prioritarias<\/h5>\t\t\t\t<\/div>\n\t\t\t\t<\/div>\n\t\t\t\t<div class=\"elementor-element elementor-element-308a913 elementor-widget elementor-widget-text-editor\" data-id=\"308a913\" data-element_type=\"widget\" data-widget_type=\"text-editor.default\">\n\t\t\t\t<div class=\"elementor-widget-container\">\n\t\t\t\t\t\t\t\t\t<p>Project priorities vary from site to site, and the District needs to consider the long-term strategic implications of which projects are implemented and to what degree those projects take precedence. While every stakeholder and interested group has their priorities, the recommendations here have constantly risen to the top of many discussions throughout the process. While each project listed here is important, this list is in no particular order:<\/p><ul><li>Crear un centro de Educaci\u00f3n T\u00e9cnica Profesional en la Escuela Secundaria Gilroy como una v\u00eda para la preparaci\u00f3n de los estudiantes a medida que se grad\u00faan de la escuela secundaria.<\/li><li>Modernize or replace antiquated buildings and facilities at Gilroy High School<\/li><li>Replace portable classrooms with new permanent structures<\/li><li>Mejorar el estacionamiento y la zona de descenso de ni\u00f1os en muchas de las escuelas primarias del Distrito.<\/li><li>Instalar estructuras de sombra.<\/li><li>Modernize playgrounds and play structures are multiple campuses.<\/li><li>Replace classroom buildings at Rucker and modernize entire site for efficiency and drop-off.<\/li><li>Instalar se\u00f1alizaci\u00f3n y orientaci\u00f3n en los planteles escolares.<\/li><li>Modernize classrooms, administrations, multi-use buildings, gymnasiums and other buildings on campus sites that have not recently modernized throughout the district.<\/li><li>Continuar mejorando las rutas accesibles y el estacionamiento para cumplir con los est\u00e1ndares ADA actuales.<\/li><\/ul>\t\t\t\t\t\t\t\t<\/div>\n\t\t\t\t<\/div>\n\t\t\t\t<div class=\"elementor-element elementor-element-e7b3a06 elementor-widget elementor-widget-heading\" data-id=\"e7b3a06\" data-element_type=\"widget\" id=\"financial-overview\" data-widget_type=\"heading.default\">\n\t\t\t\t<div class=\"elementor-widget-container\">\n\t\t\t\t\t<h5 class=\"elementor-heading-title elementor-size-default\">Panorama financiero<\/h5>\t\t\t\t<\/div>\n\t\t\t\t<\/div>\n\t\t\t\t<div class=\"elementor-element elementor-element-490e88d elementor-widget elementor-widget-text-editor\" data-id=\"490e88d\" data-element_type=\"widget\" data-widget_type=\"text-editor.default\">\n\t\t\t\t<div class=\"elementor-widget-container\">\n\t\t\t\t\t\t\t\t\t<p>The goal of a Facility Master Plan is to organize a plan to align facilities with the District\u2019s long term educational strategy. It is important to understand the overall long-term facility needs so that those needs can be coordinated over time. It is also necessary to prioritize the most immediate needs to align with shorter range of funding opportunities.<\/p><p>To develop an effective implementation plan for GUSD, additional discussions with the District Administration, Facilities Sub-Committee, and other stakeholders are needed to evaluate Districtwide needs and to finalize a prioritized list. This will solidify the most immediate projects and provide context and expectations on budget parameters. While the rough order of magnitude for a Facilities Master Plan typically exceeds what the District and voters can afford, thoughtful prioritization enables the District to pursue General Obligation bonds, state funding, and other financing sources to address the most critical needs over approximately the next ten years.<\/p>\t\t\t\t\t\t\t\t<\/div>\n\t\t\t\t<\/div>\n\t\t\t\t<\/div>\n\t\t\t\t\t<\/div>\n\t\t\t\t<\/div>\n\t\t\t\t<\/div>","protected":false},"excerpt":{"rendered":"<p>Resumen ejecutivo Descripci\u00f3n general del distrito Descripci\u00f3n general del proceso Participaci\u00f3n comunitaria Evaluaci\u00f3n de las condiciones existentes y programa de modernizaci\u00f3n propuesto Resumen de la visi\u00f3n y los est\u00e1ndares y estimaciones de costos [\u2026]<\/p>","protected":false},"author":5,"featured_media":0,"parent":1549,"menu_order":0,"comment_status":"closed","ping_status":"closed","template":"","meta":{"_acf_changed":false,"footnotes":""},"class_list":["post-1647","page","type-page","status-publish","hentry"],"acf":[],"_links":{"self":[{"href":"https:\/\/gusdfmp.org\/es\/wp-json\/wp\/v2\/pages\/1647","targetHints":{"allow":["GET"]}}],"collection":[{"href":"https:\/\/gusdfmp.org\/es\/wp-json\/wp\/v2\/pages"}],"about":[{"href":"https:\/\/gusdfmp.org\/es\/wp-json\/wp\/v2\/types\/page"}],"author":[{"embeddable":true,"href":"https:\/\/gusdfmp.org\/es\/wp-json\/wp\/v2\/users\/5"}],"replies":[{"embeddable":true,"href":"https:\/\/gusdfmp.org\/es\/wp-json\/wp\/v2\/comments?post=1647"}],"version-history":[{"count":91,"href":"https:\/\/gusdfmp.org\/es\/wp-json\/wp\/v2\/pages\/1647\/revisions"}],"predecessor-version":[{"id":3367,"href":"https:\/\/gusdfmp.org\/es\/wp-json\/wp\/v2\/pages\/1647\/revisions\/3367"}],"up":[{"embeddable":true,"href":"https:\/\/gusdfmp.org\/es\/wp-json\/wp\/v2\/pages\/1549"}],"wp:attachment":[{"href":"https:\/\/gusdfmp.org\/es\/wp-json\/wp\/v2\/media?parent=1647"}],"curies":[{"name":"wp","href":"https:\/\/api.w.org\/{rel}","templated":true}]}}