{"id":1731,"date":"2026-01-09T07:00:33","date_gmt":"2026-01-09T07:00:33","guid":{"rendered":"http:\/\/gusd.happy-staging.com\/?page_id=1731"},"modified":"2026-01-14T04:16:27","modified_gmt":"2026-01-14T04:16:27","slug":"community-engagement","status":"publish","type":"page","link":"https:\/\/gusdfmp.org\/es\/facilities-master-plan\/community-engagement\/","title":{"rendered":"Participaci\u00f3n comunitaria"},"content":{"rendered":"<div data-elementor-type=\"wp-page\" data-elementor-id=\"1731\" class=\"elementor elementor-1731\" data-elementor-settings=\"{&quot;element_pack_global_tooltip_width&quot;:{&quot;unit&quot;:&quot;px&quot;,&quot;size&quot;:&quot;&quot;,&quot;sizes&quot;:[]},&quot;element_pack_global_tooltip_width_tablet&quot;:{&quot;unit&quot;:&quot;px&quot;,&quot;size&quot;:&quot;&quot;,&quot;sizes&quot;:[]},&quot;element_pack_global_tooltip_width_mobile&quot;:{&quot;unit&quot;:&quot;px&quot;,&quot;size&quot;:&quot;&quot;,&quot;sizes&quot;:[]},&quot;element_pack_global_tooltip_padding&quot;:{&quot;unit&quot;:&quot;px&quot;,&quot;top&quot;:&quot;&quot;,&quot;right&quot;:&quot;&quot;,&quot;bottom&quot;:&quot;&quot;,&quot;left&quot;:&quot;&quot;,&quot;isLinked&quot;:true},&quot;element_pack_global_tooltip_padding_tablet&quot;:{&quot;unit&quot;:&quot;px&quot;,&quot;top&quot;:&quot;&quot;,&quot;right&quot;:&quot;&quot;,&quot;bottom&quot;:&quot;&quot;,&quot;left&quot;:&quot;&quot;,&quot;isLinked&quot;:true},&quot;element_pack_global_tooltip_padding_mobile&quot;:{&quot;unit&quot;:&quot;px&quot;,&quot;top&quot;:&quot;&quot;,&quot;right&quot;:&quot;&quot;,&quot;bottom&quot;:&quot;&quot;,&quot;left&quot;:&quot;&quot;,&quot;isLinked&quot;:true},&quot;element_pack_global_tooltip_border_radius&quot;:{&quot;unit&quot;:&quot;px&quot;,&quot;top&quot;:&quot;&quot;,&quot;right&quot;:&quot;&quot;,&quot;bottom&quot;:&quot;&quot;,&quot;left&quot;:&quot;&quot;,&quot;isLinked&quot;:true},&quot;element_pack_global_tooltip_border_radius_tablet&quot;:{&quot;unit&quot;:&quot;px&quot;,&quot;top&quot;:&quot;&quot;,&quot;right&quot;:&quot;&quot;,&quot;bottom&quot;:&quot;&quot;,&quot;left&quot;:&quot;&quot;,&quot;isLinked&quot;:true},&quot;element_pack_global_tooltip_border_radius_mobile&quot;:{&quot;unit&quot;:&quot;px&quot;,&quot;top&quot;:&quot;&quot;,&quot;right&quot;:&quot;&quot;,&quot;bottom&quot;:&quot;&quot;,&quot;left&quot;:&quot;&quot;,&quot;isLinked&quot;:true}}\" data-elementor-post-type=\"page\">\n\t\t\t\t<div class=\"elementor-element elementor-element-5bcbc0b e-con-full elementor-hidden-tablet elementor-hidden-mobile bdt-backdrop-filter-yes e-flex e-con e-parent\" data-id=\"5bcbc0b\" data-element_type=\"container\" id=\"anchor-menu\" data-settings=\"{&quot;sticky&quot;:&quot;top&quot;,&quot;sticky_on&quot;:[&quot;desktop&quot;],&quot;sticky_offset&quot;:119,&quot;sticky_effects_offset&quot;:0,&quot;sticky_anchor_link_offset&quot;:0}\">\n\t\t\t\t<div class=\"elementor-element elementor-element-7d45f33f elementor-widget elementor-widget-bdt-scrollnav\" data-id=\"7d45f33f\" data-element_type=\"widget\" data-widget_type=\"bdt-scrollnav.default\">\n\t\t\t\t<div class=\"elementor-widget-container\">\n\t\t\t\t\t\t\t<div class=\"bdt-scrollnav bdt-navbar-container bdt-navbar-transparent bdt-navbar\" data-bdt-navbar=\"\">\r\n\t\t\t<div class=\"bdt-navbar-center\">\r\n\t\t\t\t<ul class=\"bdt-navbar-nav\" data-bdt-scrollspy-nav=\"closest: li; scroll: true; offset: 197;\">\r\n\t\t\t\t\t\t\t\t<li>\r\n\t\t\t\t<a data-tippy-content=\"\" href=\"\/es\/facilities-master-plan\/executive-summary\/\">\r\n\t\t\t\t\tResumen ejecutivo\t\t\t\t\t\t\t\t\t<\/a>\r\n\t\t\t<\/li>\r\n\t\t\t\t\t\t<li>\r\n\t\t\t\t<a data-tippy-content=\"\" href=\"\/es\/facilities-master-plan\/district-overview\/\">\r\n\t\t\t\t\tDescripci\u00f3n general del distrito\t\t\t\t\t\t\t\t\t<\/a>\r\n\t\t\t<\/li>\r\n\t\t\t\t\t\t<li>\r\n\t\t\t\t<a data-tippy-content=\"\" href=\"\/es\/facilities-master-plan\/process-overview\/\">\r\n\t\t\t\t\tDescripci\u00f3n general del proceso\t\t\t\t\t\t\t\t\t<\/a>\r\n\t\t\t<\/li>\r\n\t\t\t\t\t\t<li>\r\n\t\t\t\t<a data-tippy-content=\"\" href=\"\/es\/facilities-master-plan\/community-engagement\/\">\r\n\t\t\t\t\tParticipaci\u00f3n comunitaria\t\t\t\t\t\t\t\t\t<\/a>\r\n\t\t\t<\/li>\r\n\t\t\t\t\t\t<li>\r\n\t\t\t\t<a data-tippy-content=\"\" href=\"\/es\/facilities-master-plan\/existing-condition-assessment-and-proposed-modernization\/\">\r\n\t\t\t\t\tEvaluaci\u00f3n del estado actual y modernizaci\u00f3n propuesta\t\t\t\t\t\t\t\t\t<\/a>\r\n\t\t\t<\/li>\r\n\t\t\t\t\t\t<li>\r\n\t\t\t\t<a data-tippy-content=\"\" href=\"\/es\/facilities-master-plan\/program-vision-and-standards\/\">\r\n\t\t\t\t\tVisi\u00f3n y est\u00e1ndares del programa\t\t\t\t\t\t\t\t\t<\/a>\r\n\t\t\t<\/li>\r\n\t\t\t\t\t\t<li>\r\n\t\t\t\t<a data-tippy-content=\"\" href=\"\/es\/facilities-master-plan\/summary-and-cost-estimates\/\">\r\n\t\t\t\t\tResumen y estimaciones de costos\t\t\t\t\t\t\t\t\t<\/a>\r\n\t\t\t<\/li>\r\n\t\t\t\t\t\t\t<\/ul>\r\n\t\t\t<\/div>\r\n\t\t<\/div>\r\n\t    \t\t\t\t<\/div>\n\t\t\t\t<\/div>\n\t\t\t\t<\/div>\n\t\t<div class=\"elementor-element elementor-element-62464d58 no-row e-flex e-con-boxed e-con e-parent\" data-id=\"62464d58\" data-element_type=\"container\">\n\t\t\t\t\t<div class=\"e-con-inner\">\n\t\t<div class=\"elementor-element elementor-element-206f62d e-con-full e-flex e-con e-child\" data-id=\"206f62d\" data-element_type=\"container\">\n\t\t\t\t<div class=\"elementor-element elementor-element-f684451 elementor-widget-divider--view-line_text elementor-widget-divider--element-align-left elementor-widget elementor-widget-divider\" data-id=\"f684451\" data-element_type=\"widget\" data-widget_type=\"divider.default\">\n\t\t\t\t<div class=\"elementor-widget-container\">\n\t\t\t\t\t\t\t<div class=\"elementor-divider\">\n\t\t\t<span class=\"elementor-divider-separator\">\n\t\t\t\t\t\t\t<h3 class=\"elementor-divider__text elementor-divider__element\">\n\t\t\t\tParticipaci\u00f3n comunitaria\t\t\t\t<\/h3>\n\t\t\t\t\t\t<\/span>\n\t\t<\/div>\n\t\t\t\t\t\t<\/div>\n\t\t\t\t<\/div>\n\t\t\t\t<div class=\"elementor-element elementor-element-5fb0fef6 elementor-widget elementor-widget-text-editor\" data-id=\"5fb0fef6\" data-element_type=\"widget\" data-widget_type=\"text-editor.default\">\n\t\t\t\t<div class=\"elementor-widget-container\">\n\t\t\t\t\t\t\t\t\t<p>Celebramos reuniones comunitarias para garantizar que la voz de la comunidad ayude a dar forma al futuro de nuestras escuelas.<\/p><p>Estas reuniones nos dieron la oportunidad de compartir informaci\u00f3n clara y honesta sobre las instalaciones escolares y las posibles mejoras, al mismo tiempo que permitieron a las familias, estudiantes, personal y vecinos decirnos lo que m\u00e1s les importa.<\/p><p>Trabajando juntos, podemos crear un Plan Maestro de Instalaciones que refleje las prioridades de nuestra comunidad y apoye a nuestras escuelas en los a\u00f1os venideros.<\/p>\t\t\t\t\t\t\t\t<\/div>\n\t\t\t\t<\/div>\n\t\t\t\t<\/div>\n\t\t\t\t\t<\/div>\n\t\t\t\t<\/div>\n\t\t<div class=\"elementor-element elementor-element-458963c5 no-top e-flex e-con-boxed e-con e-parent\" data-id=\"458963c5\" data-element_type=\"container\">\n\t\t\t\t\t<div class=\"e-con-inner\">\n\t\t<div class=\"elementor-element elementor-element-6b7ff6ba e-con-full e-flex e-con e-child\" data-id=\"6b7ff6ba\" data-element_type=\"container\">\n\t\t<div class=\"elementor-element elementor-element-2d16da0a e-con-full e-flex e-con e-child\" data-id=\"2d16da0a\" data-element_type=\"container\" id=\"sidebar-menu\" data-settings=\"{&quot;sticky&quot;:&quot;top&quot;,&quot;sticky_offset&quot;:220,&quot;sticky_anchor_link_offset&quot;:220,&quot;sticky_on&quot;:[&quot;desktop&quot;,&quot;tablet&quot;],&quot;sticky_effects_offset&quot;:0}\">\n\t\t\t\t<div class=\"elementor-element elementor-element-4a565ce4 elementor-align-justify elementor-widget elementor-widget-button\" data-id=\"4a565ce4\" data-element_type=\"widget\" data-widget_type=\"button.default\">\n\t\t\t\t<div class=\"elementor-widget-container\">\n\t\t\t\t\t\t\t\t\t<div class=\"elementor-button-wrapper\">\n\t\t\t\t\t<a class=\"elementor-button elementor-button-link elementor-size-sm\" href=\"\/es\/facilities-master-plan\/community-engagement\/visioning-workshop\/\">\n\t\t\t\t\t\t<span class=\"elementor-button-content-wrapper\">\n\t\t\t\t\t\t\t\t\t<span class=\"elementor-button-text\">Taller de visualizaci\u00f3n<\/span>\n\t\t\t\t\t<\/span>\n\t\t\t\t\t<\/a>\n\t\t\t\t<\/div>\n\t\t\t\t\t\t\t\t<\/div>\n\t\t\t\t<\/div>\n\t\t\t\t<div class=\"elementor-element elementor-element-3ee272e7 elementor-align-justify elementor-widget elementor-widget-button\" data-id=\"3ee272e7\" data-element_type=\"widget\" data-widget_type=\"button.default\">\n\t\t\t\t<div class=\"elementor-widget-container\">\n\t\t\t\t\t\t\t\t\t<div class=\"elementor-button-wrapper\">\n\t\t\t\t\t<a class=\"elementor-button elementor-button-link elementor-size-sm\" href=\"\/es\/facilities-master-plan\/community-engagement\/community-engagement-workshop\/\">\n\t\t\t\t\t\t<span class=\"elementor-button-content-wrapper\">\n\t\t\t\t\t\t\t\t\t<span class=\"elementor-button-text\">Taller de participaci\u00f3n comunitaria<\/span>\n\t\t\t\t\t<\/span>\n\t\t\t\t\t<\/a>\n\t\t\t\t<\/div>\n\t\t\t\t\t\t\t\t<\/div>\n\t\t\t\t<\/div>\n\t\t\t\t<\/div>\n\t\t\t\t<\/div>\n\t\t<div class=\"elementor-element elementor-element-02e91e3 e-con-full e-flex e-con e-child\" data-id=\"02e91e3\" data-element_type=\"container\">\n\t\t\t\t<div class=\"elementor-element elementor-element-f521d26 elementor-widget elementor-widget-image\" data-id=\"f521d26\" data-element_type=\"widget\" data-widget_type=\"image.default\">\n\t\t\t\t<div class=\"elementor-widget-container\">\n\t\t\t\t\t\t\t\t\t\t\t\t\t\t\t<img fetchpriority=\"high\" decoding=\"async\" width=\"793\" height=\"531\" src=\"https:\/\/gusdfmp.org\/wp-content\/uploads\/2026\/01\/Main-Page-Map-with-School-Locations_page-0001-1.png\" class=\"attachment-large size-large wp-image-1806\" alt=\"\" srcset=\"https:\/\/gusdfmp.org\/wp-content\/uploads\/2026\/01\/Main-Page-Map-with-School-Locations_page-0001-1.png 793w, https:\/\/gusdfmp.org\/wp-content\/uploads\/2026\/01\/Main-Page-Map-with-School-Locations_page-0001-1-300x201.png 300w, https:\/\/gusdfmp.org\/wp-content\/uploads\/2026\/01\/Main-Page-Map-with-School-Locations_page-0001-1-768x514.png 768w, https:\/\/gusdfmp.org\/wp-content\/uploads\/2026\/01\/Main-Page-Map-with-School-Locations_page-0001-1-650x435.png 650w\" sizes=\"(max-width: 793px) 100vw, 793px\" \/>\t\t\t\t\t\t\t\t\t\t\t\t\t\t\t<\/div>\n\t\t\t\t<\/div>\n\t\t\t\t<\/div>\n\t\t\t\t\t<\/div>\n\t\t\t\t<\/div>\n\t\t\t\t<\/div>","protected":false},"excerpt":{"rendered":"<p>Resumen ejecutivo Descripci\u00f3n general del distrito Descripci\u00f3n general del proceso Participaci\u00f3n comunitaria Evaluaci\u00f3n de las condiciones existentes y programa de modernizaci\u00f3n propuesto Resumen de la visi\u00f3n y los est\u00e1ndares y estimaciones de costos [\u2026]<\/p>","protected":false},"author":5,"featured_media":0,"parent":1549,"menu_order":0,"comment_status":"closed","ping_status":"closed","template":"","meta":{"_acf_changed":false,"footnotes":""},"class_list":["post-1731","page","type-page","status-publish","hentry"],"acf":[],"_links":{"self":[{"href":"https:\/\/gusdfmp.org\/es\/wp-json\/wp\/v2\/pages\/1731","targetHints":{"allow":["GET"]}}],"collection":[{"href":"https:\/\/gusdfmp.org\/es\/wp-json\/wp\/v2\/pages"}],"about":[{"href":"https:\/\/gusdfmp.org\/es\/wp-json\/wp\/v2\/types\/page"}],"author":[{"embeddable":true,"href":"https:\/\/gusdfmp.org\/es\/wp-json\/wp\/v2\/users\/5"}],"replies":[{"embeddable":true,"href":"https:\/\/gusdfmp.org\/es\/wp-json\/wp\/v2\/comments?post=1731"}],"version-history":[{"count":16,"href":"https:\/\/gusdfmp.org\/es\/wp-json\/wp\/v2\/pages\/1731\/revisions"}],"predecessor-version":[{"id":2643,"href":"https:\/\/gusdfmp.org\/es\/wp-json\/wp\/v2\/pages\/1731\/revisions\/2643"}],"up":[{"embeddable":true,"href":"https:\/\/gusdfmp.org\/es\/wp-json\/wp\/v2\/pages\/1549"}],"wp:attachment":[{"href":"https:\/\/gusdfmp.org\/es\/wp-json\/wp\/v2\/media?parent=1731"}],"curies":[{"name":"wp","href":"https:\/\/api.w.org\/{rel}","templated":true}]}}