{"id":1742,"date":"2026-01-09T07:15:35","date_gmt":"2026-01-09T07:15:35","guid":{"rendered":"http:\/\/gusd.happy-staging.com\/?page_id=1742"},"modified":"2026-01-14T04:17:10","modified_gmt":"2026-01-14T04:17:10","slug":"visioning-workshop","status":"publish","type":"page","link":"https:\/\/gusdfmp.org\/es\/facilities-master-plan\/community-engagement\/visioning-workshop\/","title":{"rendered":"Taller de visualizaci\u00f3n"},"content":{"rendered":"<div data-elementor-type=\"wp-page\" data-elementor-id=\"1742\" class=\"elementor elementor-1742\" data-elementor-settings=\"{&quot;element_pack_global_tooltip_width&quot;:{&quot;unit&quot;:&quot;px&quot;,&quot;size&quot;:&quot;&quot;,&quot;sizes&quot;:[]},&quot;element_pack_global_tooltip_width_tablet&quot;:{&quot;unit&quot;:&quot;px&quot;,&quot;size&quot;:&quot;&quot;,&quot;sizes&quot;:[]},&quot;element_pack_global_tooltip_width_mobile&quot;:{&quot;unit&quot;:&quot;px&quot;,&quot;size&quot;:&quot;&quot;,&quot;sizes&quot;:[]},&quot;element_pack_global_tooltip_padding&quot;:{&quot;unit&quot;:&quot;px&quot;,&quot;top&quot;:&quot;&quot;,&quot;right&quot;:&quot;&quot;,&quot;bottom&quot;:&quot;&quot;,&quot;left&quot;:&quot;&quot;,&quot;isLinked&quot;:true},&quot;element_pack_global_tooltip_padding_tablet&quot;:{&quot;unit&quot;:&quot;px&quot;,&quot;top&quot;:&quot;&quot;,&quot;right&quot;:&quot;&quot;,&quot;bottom&quot;:&quot;&quot;,&quot;left&quot;:&quot;&quot;,&quot;isLinked&quot;:true},&quot;element_pack_global_tooltip_padding_mobile&quot;:{&quot;unit&quot;:&quot;px&quot;,&quot;top&quot;:&quot;&quot;,&quot;right&quot;:&quot;&quot;,&quot;bottom&quot;:&quot;&quot;,&quot;left&quot;:&quot;&quot;,&quot;isLinked&quot;:true},&quot;element_pack_global_tooltip_border_radius&quot;:{&quot;unit&quot;:&quot;px&quot;,&quot;top&quot;:&quot;&quot;,&quot;right&quot;:&quot;&quot;,&quot;bottom&quot;:&quot;&quot;,&quot;left&quot;:&quot;&quot;,&quot;isLinked&quot;:true},&quot;element_pack_global_tooltip_border_radius_tablet&quot;:{&quot;unit&quot;:&quot;px&quot;,&quot;top&quot;:&quot;&quot;,&quot;right&quot;:&quot;&quot;,&quot;bottom&quot;:&quot;&quot;,&quot;left&quot;:&quot;&quot;,&quot;isLinked&quot;:true},&quot;element_pack_global_tooltip_border_radius_mobile&quot;:{&quot;unit&quot;:&quot;px&quot;,&quot;top&quot;:&quot;&quot;,&quot;right&quot;:&quot;&quot;,&quot;bottom&quot;:&quot;&quot;,&quot;left&quot;:&quot;&quot;,&quot;isLinked&quot;:true}}\" data-elementor-post-type=\"page\">\n\t\t\t\t<div class=\"elementor-element elementor-element-489cf7d9 e-con-full elementor-hidden-tablet elementor-hidden-mobile bdt-backdrop-filter-yes e-flex e-con e-parent\" data-id=\"489cf7d9\" data-element_type=\"container\" id=\"anchor-menu\" data-settings=\"{&quot;sticky&quot;:&quot;top&quot;,&quot;sticky_on&quot;:[&quot;desktop&quot;],&quot;sticky_offset&quot;:119,&quot;sticky_effects_offset&quot;:0,&quot;sticky_anchor_link_offset&quot;:0}\">\n\t\t\t\t<div class=\"elementor-element elementor-element-8db3806 elementor-widget elementor-widget-bdt-scrollnav\" data-id=\"8db3806\" data-element_type=\"widget\" data-widget_type=\"bdt-scrollnav.default\">\n\t\t\t\t<div class=\"elementor-widget-container\">\n\t\t\t\t\t\t\t<div class=\"bdt-scrollnav bdt-navbar-container bdt-navbar-transparent bdt-navbar\" data-bdt-navbar=\"\">\r\n\t\t\t<div class=\"bdt-navbar-center\">\r\n\t\t\t\t<ul class=\"bdt-navbar-nav\" data-bdt-scrollspy-nav=\"closest: li; scroll: true; offset: 197;\">\r\n\t\t\t\t\t\t\t\t<li>\r\n\t\t\t\t<a data-tippy-content=\"\" href=\"\/es\/facilities-master-plan\/executive-summary\/\">\r\n\t\t\t\t\tResumen ejecutivo\t\t\t\t\t\t\t\t\t<\/a>\r\n\t\t\t<\/li>\r\n\t\t\t\t\t\t<li>\r\n\t\t\t\t<a data-tippy-content=\"\" href=\"\/es\/facilities-master-plan\/district-overview\/\">\r\n\t\t\t\t\tDescripci\u00f3n general del distrito\t\t\t\t\t\t\t\t\t<\/a>\r\n\t\t\t<\/li>\r\n\t\t\t\t\t\t<li>\r\n\t\t\t\t<a data-tippy-content=\"\" href=\"\/es\/facilities-master-plan\/process-overview\/\">\r\n\t\t\t\t\tDescripci\u00f3n general del proceso\t\t\t\t\t\t\t\t\t<\/a>\r\n\t\t\t<\/li>\r\n\t\t\t\t\t\t<li>\r\n\t\t\t\t<a data-tippy-content=\"\" href=\"\/es\/facilities-master-plan\/community-engagement\/\">\r\n\t\t\t\t\tParticipaci\u00f3n comunitaria\t\t\t\t\t\t\t\t\t<\/a>\r\n\t\t\t<\/li>\r\n\t\t\t\t\t\t<li>\r\n\t\t\t\t<a data-tippy-content=\"\" href=\"\/es\/facilities-master-plan\/existing-condition-assessment-and-proposed-modernization\/\">\r\n\t\t\t\t\tEvaluaci\u00f3n del estado actual y modernizaci\u00f3n propuesta\t\t\t\t\t\t\t\t\t<\/a>\r\n\t\t\t<\/li>\r\n\t\t\t\t\t\t<li>\r\n\t\t\t\t<a data-tippy-content=\"\" href=\"\/es\/facilities-master-plan\/program-vision-and-standards\/\">\r\n\t\t\t\t\tVisi\u00f3n y est\u00e1ndares del programa\t\t\t\t\t\t\t\t\t<\/a>\r\n\t\t\t<\/li>\r\n\t\t\t\t\t\t<li>\r\n\t\t\t\t<a data-tippy-content=\"\" href=\"\/es\/facilities-master-plan\/summary-and-cost-estimates\/\">\r\n\t\t\t\t\tResumen y estimaciones de costos\t\t\t\t\t\t\t\t\t<\/a>\r\n\t\t\t<\/li>\r\n\t\t\t\t\t\t\t<\/ul>\r\n\t\t\t<\/div>\r\n\t\t<\/div>\r\n\t    \t\t\t\t<\/div>\n\t\t\t\t<\/div>\n\t\t\t\t<\/div>\n\t\t<div class=\"elementor-element elementor-element-15cffa85 no-row e-flex e-con-boxed e-con e-parent\" data-id=\"15cffa85\" data-element_type=\"container\">\n\t\t\t\t\t<div class=\"e-con-inner\">\n\t\t<div class=\"elementor-element elementor-element-325550a6 e-con-full e-flex e-con e-child\" data-id=\"325550a6\" data-element_type=\"container\">\n\t\t\t\t<div class=\"elementor-element elementor-element-715a2d3d elementor-widget-divider--view-line_text elementor-widget-divider--element-align-left elementor-widget elementor-widget-divider\" data-id=\"715a2d3d\" data-element_type=\"widget\" data-widget_type=\"divider.default\">\n\t\t\t\t<div class=\"elementor-widget-container\">\n\t\t\t\t\t\t\t<div class=\"elementor-divider\">\n\t\t\t<span class=\"elementor-divider-separator\">\n\t\t\t\t\t\t\t<h3 class=\"elementor-divider__text elementor-divider__element\">\n\t\t\t\tParticipaci\u00f3n comunitaria\t\t\t\t<\/h3>\n\t\t\t\t\t\t<\/span>\n\t\t<\/div>\n\t\t\t\t\t\t<\/div>\n\t\t\t\t<\/div>\n\t\t\t\t<div class=\"elementor-element elementor-element-2518b795 elementor-widget elementor-widget-text-editor\" data-id=\"2518b795\" data-element_type=\"widget\" data-widget_type=\"text-editor.default\">\n\t\t\t\t<div class=\"elementor-widget-container\">\n\t\t\t\t\t\t\t\t\t<p>Celebramos reuniones comunitarias para garantizar que la voz de la comunidad ayude a dar forma al futuro de nuestras escuelas.<\/p><p>Estas reuniones nos dieron la oportunidad de compartir informaci\u00f3n clara y honesta sobre las instalaciones escolares y las posibles mejoras, al mismo tiempo que permitieron a las familias, estudiantes, personal y vecinos decirnos lo que m\u00e1s les importa.<\/p><p>Trabajando juntos, podemos crear un Plan Maestro de Instalaciones que refleje las prioridades de nuestra comunidad y apoye a nuestras escuelas en los a\u00f1os venideros.<\/p>\t\t\t\t\t\t\t\t<\/div>\n\t\t\t\t<\/div>\n\t\t\t\t<\/div>\n\t\t\t\t\t<\/div>\n\t\t\t\t<\/div>\n\t\t<div class=\"elementor-element elementor-element-4edbae5f no-top e-flex e-con-boxed e-con e-parent\" data-id=\"4edbae5f\" data-element_type=\"container\">\n\t\t\t\t\t<div class=\"e-con-inner\">\n\t\t<div class=\"elementor-element elementor-element-3f2554fc e-con-full e-flex e-con e-child\" data-id=\"3f2554fc\" data-element_type=\"container\">\n\t\t<div class=\"elementor-element elementor-element-2a690fe4 e-con-full e-flex e-con e-child\" data-id=\"2a690fe4\" data-element_type=\"container\" id=\"sidebar-menu\" data-settings=\"{&quot;sticky&quot;:&quot;top&quot;,&quot;sticky_offset&quot;:220,&quot;sticky_anchor_link_offset&quot;:220,&quot;sticky_on&quot;:[&quot;desktop&quot;,&quot;tablet&quot;],&quot;sticky_effects_offset&quot;:0}\">\n\t\t\t\t<div class=\"elementor-element elementor-element-5dc02f5f elementor-align-justify elementor-widget elementor-widget-button\" data-id=\"5dc02f5f\" data-element_type=\"widget\" data-widget_type=\"button.default\">\n\t\t\t\t<div class=\"elementor-widget-container\">\n\t\t\t\t\t\t\t\t\t<div class=\"elementor-button-wrapper\">\n\t\t\t\t\t<a class=\"elementor-button elementor-button-link elementor-size-sm\" href=\"\/es\/facilities-master-plan\/community-engagement\/visioning-workshop\/\">\n\t\t\t\t\t\t<span class=\"elementor-button-content-wrapper\">\n\t\t\t\t\t\t\t\t\t<span class=\"elementor-button-text\">Taller de visualizaci\u00f3n<\/span>\n\t\t\t\t\t<\/span>\n\t\t\t\t\t<\/a>\n\t\t\t\t<\/div>\n\t\t\t\t\t\t\t\t<\/div>\n\t\t\t\t<\/div>\n\t\t\t\t<div class=\"elementor-element elementor-element-69b8c2e6 elementor-align-justify elementor-widget elementor-widget-button\" data-id=\"69b8c2e6\" data-element_type=\"widget\" data-widget_type=\"button.default\">\n\t\t\t\t<div class=\"elementor-widget-container\">\n\t\t\t\t\t\t\t\t\t<div class=\"elementor-button-wrapper\">\n\t\t\t\t\t<a class=\"elementor-button elementor-button-link elementor-size-sm\" href=\"\/es\/facilities-master-plan\/community-engagement\/community-engagement-workshop\/\">\n\t\t\t\t\t\t<span class=\"elementor-button-content-wrapper\">\n\t\t\t\t\t\t\t\t\t<span class=\"elementor-button-text\">Taller de participaci\u00f3n comunitaria<\/span>\n\t\t\t\t\t<\/span>\n\t\t\t\t\t<\/a>\n\t\t\t\t<\/div>\n\t\t\t\t\t\t\t\t<\/div>\n\t\t\t\t<\/div>\n\t\t\t\t<\/div>\n\t\t\t\t<\/div>\n\t\t<div class=\"elementor-element elementor-element-521c003c e-con-full e-flex e-con e-child\" data-id=\"521c003c\" data-element_type=\"container\">\n\t\t\t\t<div class=\"elementor-element elementor-element-3002b0c9 elementor-widget-divider--view-line_text elementor-widget-divider--element-align-left elementor-widget elementor-widget-divider\" data-id=\"3002b0c9\" data-element_type=\"widget\" data-widget_type=\"divider.default\">\n\t\t\t\t<div class=\"elementor-widget-container\">\n\t\t\t\t\t\t\t<div class=\"elementor-divider\">\n\t\t\t<span class=\"elementor-divider-separator\">\n\t\t\t\t\t\t\t<h3 class=\"elementor-divider__text elementor-divider__element\">\n\t\t\t\tVisioning Workshop Summary\t\t\t\t<\/h3>\n\t\t\t\t\t\t<\/span>\n\t\t<\/div>\n\t\t\t\t\t\t<\/div>\n\t\t\t\t<\/div>\n\t\t\t\t<div class=\"elementor-element elementor-element-0229484 elementor-widget elementor-widget-gallery\" data-id=\"0229484\" data-element_type=\"widget\" data-settings=\"{&quot;gallery_layout&quot;:&quot;justified&quot;,&quot;gap&quot;:{&quot;unit&quot;:&quot;px&quot;,&quot;size&quot;:20,&quot;sizes&quot;:[]},&quot;lazyload&quot;:&quot;yes&quot;,&quot;ideal_row_height&quot;:{&quot;unit&quot;:&quot;px&quot;,&quot;size&quot;:200,&quot;sizes&quot;:[]},&quot;ideal_row_height_tablet&quot;:{&quot;unit&quot;:&quot;px&quot;,&quot;size&quot;:150,&quot;sizes&quot;:[]},&quot;ideal_row_height_mobile&quot;:{&quot;unit&quot;:&quot;px&quot;,&quot;size&quot;:150,&quot;sizes&quot;:[]},&quot;gap_tablet&quot;:{&quot;unit&quot;:&quot;px&quot;,&quot;size&quot;:10,&quot;sizes&quot;:[]},&quot;gap_mobile&quot;:{&quot;unit&quot;:&quot;px&quot;,&quot;size&quot;:10,&quot;sizes&quot;:[]},&quot;link_to&quot;:&quot;file&quot;,&quot;overlay_background&quot;:&quot;yes&quot;,&quot;content_hover_animation&quot;:&quot;fade-in&quot;}\" data-widget_type=\"gallery.default\">\n\t\t\t\t<div class=\"elementor-widget-container\">\n\t\t\t\t\t\t\t<div class=\"elementor-gallery__container\">\n\t\t\t\t\t\t\t<a class=\"e-gallery-item elementor-gallery-item elementor-animated-content\" href=\"https:\/\/gusdfmp.org\/wp-content\/uploads\/2026\/01\/ZSA_6779.jpg\" data-elementor-open-lightbox=\"yes\" data-elementor-lightbox-slideshow=\"0229484\" data-elementor-lightbox-title=\"ZSA_6779\" data-e-action-hash=\"#elementor-action%3Aaction%3Dlightbox%26settings%3DeyJpZCI6MTgxMCwidXJsIjoiaHR0cHM6XC9cL2d1c2RmbXAub3JnXC93cC1jb250ZW50XC91cGxvYWRzXC8yMDI2XC8wMVwvWlNBXzY3NzkuanBnIiwic2xpZGVzaG93IjoiMDIyOTQ4NCJ9\">\n\t\t\t\t\t<div class=\"e-gallery-image elementor-gallery-item__image\" data-thumbnail=\"https:\/\/gusdfmp.org\/wp-content\/uploads\/2026\/01\/ZSA_6779-300x200.jpg\" data-width=\"300\" data-height=\"200\" aria-label=\"\" role=\"img\" ><\/div>\n\t\t\t\t\t\t\t\t\t\t\t<div class=\"elementor-gallery-item__overlay\"><\/div>\n\t\t\t\t\t\t\t\t\t\t\t\t\t\t<\/a>\n\t\t\t\t\t\t\t<a class=\"e-gallery-item elementor-gallery-item elementor-animated-content\" href=\"https:\/\/gusdfmp.org\/wp-content\/uploads\/2026\/01\/ZSA_6882.jpg\" data-elementor-open-lightbox=\"yes\" data-elementor-lightbox-slideshow=\"0229484\" data-elementor-lightbox-title=\"ZSA_6882\" data-e-action-hash=\"#elementor-action%3Aaction%3Dlightbox%26settings%3DeyJpZCI6MTgxNCwidXJsIjoiaHR0cHM6XC9cL2d1c2RmbXAub3JnXC93cC1jb250ZW50XC91cGxvYWRzXC8yMDI2XC8wMVwvWlNBXzY4ODIuanBnIiwic2xpZGVzaG93IjoiMDIyOTQ4NCJ9\">\n\t\t\t\t\t<div class=\"e-gallery-image elementor-gallery-item__image\" data-thumbnail=\"https:\/\/gusdfmp.org\/wp-content\/uploads\/2026\/01\/ZSA_6882-300x200.jpg\" data-width=\"300\" data-height=\"200\" aria-label=\"\" role=\"img\" ><\/div>\n\t\t\t\t\t\t\t\t\t\t\t<div class=\"elementor-gallery-item__overlay\"><\/div>\n\t\t\t\t\t\t\t\t\t\t\t\t\t\t<\/a>\n\t\t\t\t\t\t\t<a class=\"e-gallery-item elementor-gallery-item elementor-animated-content\" href=\"https:\/\/gusdfmp.org\/wp-content\/uploads\/2026\/01\/ZSA_6885.jpg\" data-elementor-open-lightbox=\"yes\" data-elementor-lightbox-slideshow=\"0229484\" data-elementor-lightbox-title=\"ZSA_6885\" data-e-action-hash=\"#elementor-action%3Aaction%3Dlightbox%26settings%3DeyJpZCI6MTgxNSwidXJsIjoiaHR0cHM6XC9cL2d1c2RmbXAub3JnXC93cC1jb250ZW50XC91cGxvYWRzXC8yMDI2XC8wMVwvWlNBXzY4ODUuanBnIiwic2xpZGVzaG93IjoiMDIyOTQ4NCJ9\">\n\t\t\t\t\t<div class=\"e-gallery-image elementor-gallery-item__image\" data-thumbnail=\"https:\/\/gusdfmp.org\/wp-content\/uploads\/2026\/01\/ZSA_6885-200x300.jpg\" data-width=\"200\" data-height=\"300\" aria-label=\"\" role=\"img\" ><\/div>\n\t\t\t\t\t\t\t\t\t\t\t<div class=\"elementor-gallery-item__overlay\"><\/div>\n\t\t\t\t\t\t\t\t\t\t\t\t\t\t<\/a>\n\t\t\t\t\t\t\t<a class=\"e-gallery-item elementor-gallery-item elementor-animated-content\" href=\"https:\/\/gusdfmp.org\/wp-content\/uploads\/2026\/01\/ZSA_6889.jpg\" data-elementor-open-lightbox=\"yes\" data-elementor-lightbox-slideshow=\"0229484\" data-elementor-lightbox-title=\"ZSA_6889\" data-e-action-hash=\"#elementor-action%3Aaction%3Dlightbox%26settings%3DeyJpZCI6MTgxNiwidXJsIjoiaHR0cHM6XC9cL2d1c2RmbXAub3JnXC93cC1jb250ZW50XC91cGxvYWRzXC8yMDI2XC8wMVwvWlNBXzY4ODkuanBnIiwic2xpZGVzaG93IjoiMDIyOTQ4NCJ9\">\n\t\t\t\t\t<div class=\"e-gallery-image elementor-gallery-item__image\" data-thumbnail=\"https:\/\/gusdfmp.org\/wp-content\/uploads\/2026\/01\/ZSA_6889-300x200.jpg\" data-width=\"300\" data-height=\"200\" aria-label=\"\" role=\"img\" ><\/div>\n\t\t\t\t\t\t\t\t\t\t\t<div class=\"elementor-gallery-item__overlay\"><\/div>\n\t\t\t\t\t\t\t\t\t\t\t\t\t\t<\/a>\n\t\t\t\t\t\t\t<a class=\"e-gallery-item elementor-gallery-item elementor-animated-content\" href=\"https:\/\/gusdfmp.org\/wp-content\/uploads\/2026\/01\/ZSA_6832.jpg\" data-elementor-open-lightbox=\"yes\" data-elementor-lightbox-slideshow=\"0229484\" data-elementor-lightbox-title=\"ZSA_6832\" data-e-action-hash=\"#elementor-action%3Aaction%3Dlightbox%26settings%3DeyJpZCI6MTgxMSwidXJsIjoiaHR0cHM6XC9cL2d1c2RmbXAub3JnXC93cC1jb250ZW50XC91cGxvYWRzXC8yMDI2XC8wMVwvWlNBXzY4MzIuanBnIiwic2xpZGVzaG93IjoiMDIyOTQ4NCJ9\">\n\t\t\t\t\t<div class=\"e-gallery-image elementor-gallery-item__image\" data-thumbnail=\"https:\/\/gusdfmp.org\/wp-content\/uploads\/2026\/01\/ZSA_6832-200x300.jpg\" data-width=\"200\" data-height=\"300\" aria-label=\"\" role=\"img\" ><\/div>\n\t\t\t\t\t\t\t\t\t\t\t<div class=\"elementor-gallery-item__overlay\"><\/div>\n\t\t\t\t\t\t\t\t\t\t\t\t\t\t<\/a>\n\t\t\t\t\t\t\t<a class=\"e-gallery-item elementor-gallery-item elementor-animated-content\" href=\"https:\/\/gusdfmp.org\/wp-content\/uploads\/2026\/01\/ZSA_6834.jpg\" data-elementor-open-lightbox=\"yes\" data-elementor-lightbox-slideshow=\"0229484\" data-elementor-lightbox-title=\"ZSA_6834\" data-e-action-hash=\"#elementor-action%3Aaction%3Dlightbox%26settings%3DeyJpZCI6MTgxMiwidXJsIjoiaHR0cHM6XC9cL2d1c2RmbXAub3JnXC93cC1jb250ZW50XC91cGxvYWRzXC8yMDI2XC8wMVwvWlNBXzY4MzQuanBnIiwic2xpZGVzaG93IjoiMDIyOTQ4NCJ9\">\n\t\t\t\t\t<div class=\"e-gallery-image elementor-gallery-item__image\" data-thumbnail=\"https:\/\/gusdfmp.org\/wp-content\/uploads\/2026\/01\/ZSA_6834-200x300.jpg\" data-width=\"200\" data-height=\"300\" aria-label=\"\" role=\"img\" ><\/div>\n\t\t\t\t\t\t\t\t\t\t\t<div class=\"elementor-gallery-item__overlay\"><\/div>\n\t\t\t\t\t\t\t\t\t\t\t\t\t\t<\/a>\n\t\t\t\t\t\t\t<a class=\"e-gallery-item elementor-gallery-item elementor-animated-content\" href=\"https:\/\/gusdfmp.org\/wp-content\/uploads\/2026\/01\/ZSA_6837.jpg\" data-elementor-open-lightbox=\"yes\" data-elementor-lightbox-slideshow=\"0229484\" data-elementor-lightbox-title=\"ZSA_6837\" data-e-action-hash=\"#elementor-action%3Aaction%3Dlightbox%26settings%3DeyJpZCI6MTgxMywidXJsIjoiaHR0cHM6XC9cL2d1c2RmbXAub3JnXC93cC1jb250ZW50XC91cGxvYWRzXC8yMDI2XC8wMVwvWlNBXzY4MzcuanBnIiwic2xpZGVzaG93IjoiMDIyOTQ4NCJ9\">\n\t\t\t\t\t<div class=\"e-gallery-image elementor-gallery-item__image\" data-thumbnail=\"https:\/\/gusdfmp.org\/wp-content\/uploads\/2026\/01\/ZSA_6837-194x300.jpg\" data-width=\"194\" data-height=\"300\" aria-label=\"\" role=\"img\" ><\/div>\n\t\t\t\t\t\t\t\t\t\t\t<div class=\"elementor-gallery-item__overlay\"><\/div>\n\t\t\t\t\t\t\t\t\t\t\t\t\t\t<\/a>\n\t\t\t\t\t<\/div>\n\t\t\t\t\t<\/div>\n\t\t\t\t<\/div>\n\t\t\t\t<div class=\"elementor-element elementor-element-7ef4788e elementor-widget elementor-widget-text-editor\" data-id=\"7ef4788e\" data-element_type=\"widget\" data-widget_type=\"text-editor.default\">\n\t\t\t\t<div class=\"elementor-widget-container\">\n\t\t\t\t\t\t\t\t\t<p>As part of the Facilities Master Plan process, the design team facilitated a Visioning Workshop with District administrators to establish a shared vision for the District\u2019s future. The purpose of this engagement was to align long-term facility planning with the District\u2019s educational goals and priorities, and to inform the development of a comprehensive and responsive Facilities Master Plan.<\/p><p>During the workshop, participants identified key educational and programmatic priorities, established guiding principles for facility planning, and articulated their vision for high-quality, future-ready learning environments. The discussion also considered funding realities and constraints to ensure that the emerging vision remains achievable and fiscally responsible. In addition, the group reflected on the previous Facilities Master Plan to evaluate what strategies remain relevant today and what should evolve to address the District\u2019s needs over the next ten years.<\/p><p>A series of interactive activities encouraged participants to draw from both their professional experience and their aspirations for the District, allowing a collective vision to emerge through dialogue and collaboration.<\/p>\t\t\t\t\t\t\t\t<\/div>\n\t\t\t\t<\/div>\n\t\t\t\t<div class=\"elementor-element elementor-element-4cabb5f5 elementor-widget elementor-widget-heading\" data-id=\"4cabb5f5\" data-element_type=\"widget\" data-widget_type=\"heading.default\">\n\t\t\t\t<div class=\"elementor-widget-container\">\n\t\t\t\t\t<h5 class=\"elementor-heading-title elementor-size-default\">What We Heard<\/h5>\t\t\t\t<\/div>\n\t\t\t\t<\/div>\n\t\t\t\t<div class=\"elementor-element elementor-element-be0eb43 elementor-widget elementor-widget-text-editor\" data-id=\"be0eb43\" data-element_type=\"widget\" data-widget_type=\"text-editor.default\">\n\t\t\t\t<div class=\"elementor-widget-container\">\n\t\t\t\t\t\t\t\t\t<p>Input from the workshop was organized into key topic areas and synthesized into emerging vision themes. Ideas were documented in real time and translated into a graphic Vision Wall that captured shared priorities and values expressed by District leadership.<\/p><p>Through this engagement, five core pillars emerged to guide the development of the Facilities Master Plan and to ensure that future investments support student success, staff development, community needs, and long-term sustainability:<\/p><ul><li>Emphasizing the importance of <strong>early learning environments<\/strong>.<\/li><li>Incorporating <strong>flexible and creative spaces<\/strong> that support a variety of learning styles, instructional approaches, and evolving educational needs.<\/li><li>Creating <strong>future-ready facilities that enable technology integration<\/strong>.<\/li><li>Providing facilities that support <strong>Career Technical Education (CTE) programs<\/strong>.<\/li><li>Expanding <strong>non-traditional learning spaces<\/strong>\u2014such as outdoor classrooms, maker spaces, and informal collaboration areas\u2014to enhance experiential, project-based, and student-centered learning.<\/li><\/ul><p>These pillars served as a foundation for decision-making throughout the Facilities Master Plan process and helped align future capital improvements with the District\u2019s long-term vision.<\/p>\t\t\t\t\t\t\t\t<\/div>\n\t\t\t\t<\/div>\n\t\t\t\t<\/div>\n\t\t\t\t\t<\/div>\n\t\t\t\t<\/div>\n\t\t\t\t<\/div>","protected":false},"excerpt":{"rendered":"<p>Resumen ejecutivo Descripci\u00f3n general del distrito Descripci\u00f3n general del proceso Participaci\u00f3n comunitaria Evaluaci\u00f3n de las condiciones existentes y programa de modernizaci\u00f3n propuesto Resumen de la visi\u00f3n y los est\u00e1ndares y estimaciones de costos [\u2026]<\/p>","protected":false},"author":5,"featured_media":0,"parent":1731,"menu_order":0,"comment_status":"closed","ping_status":"closed","template":"","meta":{"_acf_changed":false,"footnotes":""},"class_list":["post-1742","page","type-page","status-publish","hentry"],"acf":[],"_links":{"self":[{"href":"https:\/\/gusdfmp.org\/es\/wp-json\/wp\/v2\/pages\/1742","targetHints":{"allow":["GET"]}}],"collection":[{"href":"https:\/\/gusdfmp.org\/es\/wp-json\/wp\/v2\/pages"}],"about":[{"href":"https:\/\/gusdfmp.org\/es\/wp-json\/wp\/v2\/types\/page"}],"author":[{"embeddable":true,"href":"https:\/\/gusdfmp.org\/es\/wp-json\/wp\/v2\/users\/5"}],"replies":[{"embeddable":true,"href":"https:\/\/gusdfmp.org\/es\/wp-json\/wp\/v2\/comments?post=1742"}],"version-history":[{"count":13,"href":"https:\/\/gusdfmp.org\/es\/wp-json\/wp\/v2\/pages\/1742\/revisions"}],"predecessor-version":[{"id":2649,"href":"https:\/\/gusdfmp.org\/es\/wp-json\/wp\/v2\/pages\/1742\/revisions\/2649"}],"up":[{"embeddable":true,"href":"https:\/\/gusdfmp.org\/es\/wp-json\/wp\/v2\/pages\/1731"}],"wp:attachment":[{"href":"https:\/\/gusdfmp.org\/es\/wp-json\/wp\/v2\/media?parent=1742"}],"curies":[{"name":"wp","href":"https:\/\/api.w.org\/{rel}","templated":true}]}}