{"id":1765,"date":"2026-01-09T07:40:01","date_gmt":"2026-01-09T07:40:01","guid":{"rendered":"http:\/\/gusd.happy-staging.com\/?page_id=1765"},"modified":"2026-01-29T02:14:16","modified_gmt":"2026-01-29T02:14:16","slug":"program-vision-and-standards","status":"publish","type":"page","link":"https:\/\/gusdfmp.org\/es\/facilities-master-plan\/program-vision-and-standards\/","title":{"rendered":"Visi\u00f3n y est\u00e1ndares del programa"},"content":{"rendered":"<div data-elementor-type=\"wp-page\" data-elementor-id=\"1765\" class=\"elementor elementor-1765\" data-elementor-settings=\"{&quot;element_pack_global_tooltip_width&quot;:{&quot;unit&quot;:&quot;px&quot;,&quot;size&quot;:&quot;&quot;,&quot;sizes&quot;:[]},&quot;element_pack_global_tooltip_width_tablet&quot;:{&quot;unit&quot;:&quot;px&quot;,&quot;size&quot;:&quot;&quot;,&quot;sizes&quot;:[]},&quot;element_pack_global_tooltip_width_mobile&quot;:{&quot;unit&quot;:&quot;px&quot;,&quot;size&quot;:&quot;&quot;,&quot;sizes&quot;:[]},&quot;element_pack_global_tooltip_padding&quot;:{&quot;unit&quot;:&quot;px&quot;,&quot;top&quot;:&quot;&quot;,&quot;right&quot;:&quot;&quot;,&quot;bottom&quot;:&quot;&quot;,&quot;left&quot;:&quot;&quot;,&quot;isLinked&quot;:true},&quot;element_pack_global_tooltip_padding_tablet&quot;:{&quot;unit&quot;:&quot;px&quot;,&quot;top&quot;:&quot;&quot;,&quot;right&quot;:&quot;&quot;,&quot;bottom&quot;:&quot;&quot;,&quot;left&quot;:&quot;&quot;,&quot;isLinked&quot;:true},&quot;element_pack_global_tooltip_padding_mobile&quot;:{&quot;unit&quot;:&quot;px&quot;,&quot;top&quot;:&quot;&quot;,&quot;right&quot;:&quot;&quot;,&quot;bottom&quot;:&quot;&quot;,&quot;left&quot;:&quot;&quot;,&quot;isLinked&quot;:true},&quot;element_pack_global_tooltip_border_radius&quot;:{&quot;unit&quot;:&quot;px&quot;,&quot;top&quot;:&quot;&quot;,&quot;right&quot;:&quot;&quot;,&quot;bottom&quot;:&quot;&quot;,&quot;left&quot;:&quot;&quot;,&quot;isLinked&quot;:true},&quot;element_pack_global_tooltip_border_radius_tablet&quot;:{&quot;unit&quot;:&quot;px&quot;,&quot;top&quot;:&quot;&quot;,&quot;right&quot;:&quot;&quot;,&quot;bottom&quot;:&quot;&quot;,&quot;left&quot;:&quot;&quot;,&quot;isLinked&quot;:true},&quot;element_pack_global_tooltip_border_radius_mobile&quot;:{&quot;unit&quot;:&quot;px&quot;,&quot;top&quot;:&quot;&quot;,&quot;right&quot;:&quot;&quot;,&quot;bottom&quot;:&quot;&quot;,&quot;left&quot;:&quot;&quot;,&quot;isLinked&quot;:true}}\" data-elementor-post-type=\"page\">\n\t\t\t\t<div class=\"elementor-element elementor-element-c46edb3 e-con-full elementor-hidden-tablet elementor-hidden-mobile bdt-backdrop-filter-yes e-flex e-con e-parent\" data-id=\"c46edb3\" data-element_type=\"container\" id=\"anchor-menu\" data-settings=\"{&quot;sticky&quot;:&quot;top&quot;,&quot;sticky_on&quot;:[&quot;desktop&quot;],&quot;sticky_offset&quot;:119,&quot;sticky_effects_offset&quot;:0,&quot;sticky_anchor_link_offset&quot;:0}\">\n\t\t\t\t<div class=\"elementor-element elementor-element-6177fdc0 elementor-widget elementor-widget-bdt-scrollnav\" data-id=\"6177fdc0\" data-element_type=\"widget\" data-widget_type=\"bdt-scrollnav.default\">\n\t\t\t\t<div class=\"elementor-widget-container\">\n\t\t\t\t\t\t\t<div class=\"bdt-scrollnav bdt-navbar-container bdt-navbar-transparent bdt-navbar\" data-bdt-navbar=\"\">\r\n\t\t\t<div class=\"bdt-navbar-center\">\r\n\t\t\t\t<ul class=\"bdt-navbar-nav\" data-bdt-scrollspy-nav=\"closest: li; scroll: true; offset: 197;\">\r\n\t\t\t\t\t\t\t\t<li>\r\n\t\t\t\t<a data-tippy-content=\"\" href=\"\/es\/facilities-master-plan\/executive-summary\/\">\r\n\t\t\t\t\tResumen ejecutivo\t\t\t\t\t\t\t\t\t<\/a>\r\n\t\t\t<\/li>\r\n\t\t\t\t\t\t<li>\r\n\t\t\t\t<a data-tippy-content=\"\" href=\"\/es\/facilities-master-plan\/district-overview\/\">\r\n\t\t\t\t\tDescripci\u00f3n general del distrito\t\t\t\t\t\t\t\t\t<\/a>\r\n\t\t\t<\/li>\r\n\t\t\t\t\t\t<li>\r\n\t\t\t\t<a data-tippy-content=\"\" href=\"\/es\/facilities-master-plan\/process-overview\/\">\r\n\t\t\t\t\tDescripci\u00f3n general del proceso\t\t\t\t\t\t\t\t\t<\/a>\r\n\t\t\t<\/li>\r\n\t\t\t\t\t\t<li>\r\n\t\t\t\t<a data-tippy-content=\"\" href=\"\/es\/facilities-master-plan\/community-engagement\/\">\r\n\t\t\t\t\tParticipaci\u00f3n comunitaria\t\t\t\t\t\t\t\t\t<\/a>\r\n\t\t\t<\/li>\r\n\t\t\t\t\t\t<li>\r\n\t\t\t\t<a data-tippy-content=\"\" href=\"\/es\/facilities-master-plan\/existing-condition-assessment-and-proposed-modernization\/\">\r\n\t\t\t\t\tEvaluaci\u00f3n del estado actual y modernizaci\u00f3n propuesta\t\t\t\t\t\t\t\t\t<\/a>\r\n\t\t\t<\/li>\r\n\t\t\t\t\t\t<li>\r\n\t\t\t\t<a data-tippy-content=\"\" href=\"\/es\/facilities-master-plan\/program-vision-and-standards\/\">\r\n\t\t\t\t\tVisi\u00f3n y est\u00e1ndares del programa\t\t\t\t\t\t\t\t\t<\/a>\r\n\t\t\t<\/li>\r\n\t\t\t\t\t\t<li>\r\n\t\t\t\t<a data-tippy-content=\"\" href=\"\/es\/facilities-master-plan\/summary-and-cost-estimates\/\">\r\n\t\t\t\t\tResumen y estimaciones de costos\t\t\t\t\t\t\t\t\t<\/a>\r\n\t\t\t<\/li>\r\n\t\t\t\t\t\t\t<\/ul>\r\n\t\t\t<\/div>\r\n\t\t<\/div>\r\n\t    \t\t\t\t<\/div>\n\t\t\t\t<\/div>\n\t\t\t\t<\/div>\n\t\t<div class=\"elementor-element elementor-element-277adf6d no-top e-flex e-con-boxed e-con e-parent\" data-id=\"277adf6d\" data-element_type=\"container\">\n\t\t\t\t\t<div class=\"e-con-inner\">\n\t\t<div class=\"elementor-element elementor-element-78c7029 e-con-full e-flex e-con e-child\" data-id=\"78c7029\" data-element_type=\"container\">\n\t\t<div class=\"elementor-element elementor-element-e6c1da7 e-con-full elementor-hidden-tablet elementor-hidden-mobile e-flex e-con e-child\" data-id=\"e6c1da7\" data-element_type=\"container\" id=\"sidebar-menu\" data-settings=\"{&quot;sticky&quot;:&quot;top&quot;,&quot;sticky_offset&quot;:220,&quot;sticky_anchor_link_offset&quot;:220,&quot;sticky_on&quot;:[&quot;desktop&quot;,&quot;tablet&quot;],&quot;sticky_effects_offset&quot;:0}\">\n\t\t\t\t<div class=\"elementor-element elementor-element-5128846 elementor-align-justify elementor-widget elementor-widget-bdt-modal\" data-id=\"5128846\" data-element_type=\"widget\" data-widget_type=\"bdt-modal.default\">\n\t\t\t\t<div class=\"elementor-widget-container\">\n\t\t\t\t\t\t\t<div class=\"bdt-modal-wrapper\">\r\n\r\n\t\t\t\t\t<a class=\"bdt-modal-button elementor-button elementor-size-sm\" data-bdt-toggle=\"target: #bdt-modal-5128846\" href=\"javascript:void(0)\">\r\n\t\t\t<!-- <span > -->\r\n\t\t\t\t\t\t<span class=\"elementor-button-text\">2016 Supplement<\/span>\r\n\t\t\t<!-- <\/span> -->\r\n\t\t<\/a>\r\n\r\n\t\t\t<div id=\"bdt-modal-5128846\" class=\"bdt-modal-5128846 bdt-modal\" data-bdt-modal=\"\" data-settings=\"{&quot;id&quot;:&quot;bdt-modal-5128846&quot;,&quot;widgetId&quot;:&quot;bdt-modal-5128846&quot;,&quot;layout&quot;:&quot;default&quot;,&quot;splashDelay&quot;:false,&quot;splashInactivity&quot;:false,&quot;displayTimes&quot;:false,&quot;displayTimesExpire&quot;:12,&quot;cacheOnAdmin&quot;:false,&quot;scrollDirection&quot;:false,&quot;scrollOffset&quot;:false,&quot;scrollSelector&quot;:false,&quot;modal_id&quot;:&quot;#bdt-modal-5128846&quot;,&quot;custom_section&quot;:false,&quot;closeBtnDelayShow&quot;:false,&quot;delayTime&quot;:false,&quot;pageID&quot;:1765}\">\r\n\t\t\t\t<div class=\"bdt-modal-dialog\">\r\n\r\n\t\t\t\t\t\t\t\t\t\t\t<button class=\"bdt-modal-close-default elementor-animation-\" id=\"bdt-modal-close-button\" type=\"button\" data-bdt-close><\/button>\r\n\t\t\t\t\t\r\n\t\t\t\t\t\t\t\t\t\t\t<div class=\"bdt-modal-header bdt-text-left\">\r\n\t\t\t\t\t\t\t<h3 class=\"bdt-modal-title\">Este es el t\u00edtulo de tu encabezado modal<\/h3>\r\n\t\t\t\t\t\t<\/div>\r\n\t\t\t\t\t\r\n\t\t\t\t\t<div class=\"bdt-modal-body bdt-text-\">\r\n\t\t\t\t\t\t<p><iframe style=\"border: 0; height: 90vh;\" src=\"https:\/\/gusdfmp.org\/wp-content\/uploads\/2026\/01\/Program-Vision-and-Standards-LPA-reduce-size.pdf\" width=\"100%\" height=\"100%\" frameborder=\"0\"><span data-mce-type=\"bookmark\" style=\"display: inline-block; width: 0px; overflow: hidden; line-height: 0;\" class=\"mce_SELRES_start\"><\/span><span data-mce-type=\"bookmark\" style=\"display: inline-block; width: 0px; overflow: hidden; line-height: 0;\" class=\"mce_SELRES_start\"><\/span><\/iframe><\/p>\t\t\t\t\t<\/div>\r\n\r\n\t\t\t\t\t\t\t\t\t\t\t<div class=\"bdt-modal-footer bdt-text-left\">\r\n\t\t\t\t\t\t\tEl pie de p\u00e1gina modal va aqu\u00ed\t\t\t\t\t\t<\/div>\r\n\t\t\t\t\t\t\t\t\t<\/div>\r\n\t\t\t<\/div>\r\n\t\t<\/div>\r\n\r\n\t\t\t\t\t<\/div>\n\t\t\t\t<\/div>\n\t\t\t\t<div class=\"elementor-element elementor-element-6cf7badc elementor-align-justify elementor-widget elementor-widget-button\" data-id=\"6cf7badc\" data-element_type=\"widget\" data-widget_type=\"button.default\">\n\t\t\t\t<div class=\"elementor-widget-container\">\n\t\t\t\t\t\t\t\t\t<div class=\"elementor-button-wrapper\">\n\t\t\t\t\t<a class=\"elementor-button elementor-button-link elementor-size-sm\" href=\"https:\/\/gusdfmp.org\/es\/facilities-master-plan\/program-vision-and-standards\/2026-supplement-elementary-and-middle-school-program-vision-and-standard\/\">\n\t\t\t\t\t\t<span class=\"elementor-button-content-wrapper\">\n\t\t\t\t\t\t\t\t\t<span class=\"elementor-button-text\">Suplemento 2026 - Visi\u00f3n y Est\u00e1ndar del Programa de Escuela Primaria y Secundaria<\/span>\n\t\t\t\t\t<\/span>\n\t\t\t\t\t<\/a>\n\t\t\t\t<\/div>\n\t\t\t\t\t\t\t\t<\/div>\n\t\t\t\t<\/div>\n\t\t\t\t<div class=\"elementor-element elementor-element-e98494c elementor-align-justify elementor-widget elementor-widget-button\" data-id=\"e98494c\" data-element_type=\"widget\" data-widget_type=\"button.default\">\n\t\t\t\t<div class=\"elementor-widget-container\">\n\t\t\t\t\t\t\t\t\t<div class=\"elementor-button-wrapper\">\n\t\t\t\t\t<a class=\"elementor-button elementor-button-link elementor-size-sm\" href=\"https:\/\/gusdfmp.org\/es\/facilities-master-plan\/program-vision-and-standards\/2026-supplement-high-school-program-vision-and-standard\/\">\n\t\t\t\t\t\t<span class=\"elementor-button-content-wrapper\">\n\t\t\t\t\t\t\t\t\t<span class=\"elementor-button-text\">Suplemento 2026 - Visi\u00f3n y Est\u00e1ndar del Programa de Escuela Secundaria<\/span>\n\t\t\t\t\t<\/span>\n\t\t\t\t\t<\/a>\n\t\t\t\t<\/div>\n\t\t\t\t\t\t\t\t<\/div>\n\t\t\t\t<\/div>\n\t\t\t\t<div class=\"elementor-element elementor-element-485db54d elementor-align-justify elementor-widget elementor-widget-button\" data-id=\"485db54d\" data-element_type=\"widget\" data-widget_type=\"button.default\">\n\t\t\t\t<div class=\"elementor-widget-container\">\n\t\t\t\t\t\t\t\t\t<div class=\"elementor-button-wrapper\">\n\t\t\t\t\t<a class=\"elementor-button elementor-button-link elementor-size-sm\" href=\"https:\/\/gusdfmp.org\/es\/facilities-master-plan\/program-vision-and-standards\/lcap-alignment\/\">\n\t\t\t\t\t\t<span class=\"elementor-button-content-wrapper\">\n\t\t\t\t\t\t\t\t\t<span class=\"elementor-button-text\">Alineaci\u00f3n del LCAP<\/span>\n\t\t\t\t\t<\/span>\n\t\t\t\t\t<\/a>\n\t\t\t\t<\/div>\n\t\t\t\t\t\t\t\t<\/div>\n\t\t\t\t<\/div>\n\t\t\t\t<div class=\"elementor-element elementor-element-d30df37 elementor-align-justify elementor-widget elementor-widget-button\" data-id=\"d30df37\" data-element_type=\"widget\" data-widget_type=\"button.default\">\n\t\t\t\t<div class=\"elementor-widget-container\">\n\t\t\t\t\t\t\t\t\t<div class=\"elementor-button-wrapper\">\n\t\t\t\t\t<a class=\"elementor-button elementor-button-link elementor-size-sm\" href=\"https:\/\/gusdfmp.org\/es\/facilities-master-plan\/program-vision-and-standards\/sustainable-facilities-planning-guide\/\">\n\t\t\t\t\t\t<span class=\"elementor-button-content-wrapper\">\n\t\t\t\t\t\t\t\t\t<span class=\"elementor-button-text\">Gu\u00eda de planificaci\u00f3n de instalaciones sostenibles<\/span>\n\t\t\t\t\t<\/span>\n\t\t\t\t\t<\/a>\n\t\t\t\t<\/div>\n\t\t\t\t\t\t\t\t<\/div>\n\t\t\t\t<\/div>\n\t\t\t\t<div class=\"elementor-element elementor-element-7580e92 elementor-align-justify elementor-widget elementor-widget-button\" data-id=\"7580e92\" data-element_type=\"widget\" data-widget_type=\"button.default\">\n\t\t\t\t<div class=\"elementor-widget-container\">\n\t\t\t\t\t\t\t\t\t<div class=\"elementor-button-wrapper\">\n\t\t\t\t\t<a class=\"elementor-button elementor-button-link elementor-size-sm\" href=\"https:\/\/gusdfmp.org\/es\/facilities-master-plan\/program-vision-and-standards\/technology-integration\/\">\n\t\t\t\t\t\t<span class=\"elementor-button-content-wrapper\">\n\t\t\t\t\t\t\t\t\t<span class=\"elementor-button-text\">Integraci\u00f3n de tecnolog\u00eda<\/span>\n\t\t\t\t\t<\/span>\n\t\t\t\t\t<\/a>\n\t\t\t\t<\/div>\n\t\t\t\t\t\t\t\t<\/div>\n\t\t\t\t<\/div>\n\t\t\t\t<div class=\"elementor-element elementor-element-902e253 elementor-align-justify elementor-widget elementor-widget-button\" data-id=\"902e253\" data-element_type=\"widget\" data-widget_type=\"button.default\">\n\t\t\t\t<div class=\"elementor-widget-container\">\n\t\t\t\t\t\t\t\t\t<div class=\"elementor-button-wrapper\">\n\t\t\t\t\t<a class=\"elementor-button elementor-button-link elementor-size-sm\" href=\"https:\/\/gusdfmp.org\/es\/facilities-master-plan\/program-vision-and-standards\/flexible-furniture-guide\/\">\n\t\t\t\t\t\t<span class=\"elementor-button-content-wrapper\">\n\t\t\t\t\t\t\t\t\t<span class=\"elementor-button-text\">Gu\u00eda de muebles flexibles<\/span>\n\t\t\t\t\t<\/span>\n\t\t\t\t\t<\/a>\n\t\t\t\t<\/div>\n\t\t\t\t\t\t\t\t<\/div>\n\t\t\t\t<\/div>\n\t\t\t\t<\/div>\n\t\t\t\t<\/div>\n\t\t<div class=\"elementor-element elementor-element-1aee6790 e-con-full e-flex e-con e-child\" data-id=\"1aee6790\" data-element_type=\"container\">\n\t\t\t\t<div class=\"elementor-element elementor-element-1a7f54a0 elementor-widget-divider--view-line_text elementor-widget-divider--element-align-left elementor-widget elementor-widget-divider\" data-id=\"1a7f54a0\" data-element_type=\"widget\" data-widget_type=\"divider.default\">\n\t\t\t\t<div class=\"elementor-widget-container\">\n\t\t\t\t\t\t\t<div class=\"elementor-divider\">\n\t\t\t<span class=\"elementor-divider-separator\">\n\t\t\t\t\t\t\t<h3 class=\"elementor-divider__text elementor-divider__element\">\n\t\t\t\tVisi\u00f3n y est\u00e1ndares del programa\t\t\t\t<\/h3>\n\t\t\t\t\t\t<\/span>\n\t\t<\/div>\n\t\t\t\t\t\t<\/div>\n\t\t\t\t<\/div>\n\t\t\t\t<div class=\"elementor-element elementor-element-4e4b5785 elementor-widget elementor-widget-text-editor\" data-id=\"4e4b5785\" data-element_type=\"widget\" data-widget_type=\"text-editor.default\">\n\t\t\t\t<div class=\"elementor-widget-container\">\n\t\t\t\t\t\t\t\t\t<p>Esta secci\u00f3n actualiza y alinea el marco de las instalaciones de las escuelas primarias y secundarias del Distrito para reflejar c\u00f3mo funcionan actualmente la ense\u00f1anza, el aprendizaje y el apoyo estudiantil. Se basa en la Visi\u00f3n y los Est\u00e1ndares del Programa de 2017, adoptados por la Junta, y proporciona aclaraciones espec\u00edficas sobre las expectativas que han evolucionado debido a cambios en las pr\u00e1cticas educativas, las necesidades de bienestar estudiantil, el uso de la tecnolog\u00eda y la expansi\u00f3n del programa.<\/p><p>The 2026 Program Vision &amp; Standards Supplements do not replace the 2017 document. Instead, they identify specific areas where additional guidance is needed, including the elevation of Transitional Kindergarten, the normalization of student wellness and regulation spaces, expanded use of outdoor learning, and increased emphasis on flexible, inclusive classrooms that support multiple learning modes simultaneously.<\/p><p>Las Especificaciones Educativas actualizadas, el mobiliario y la gu\u00eda tecnol\u00f3gica establecen expectativas consistentes para todo el distrito que promueven la flexibilidad, la durabilidad y la equidad. El mobiliario se considera una herramienta educativa, lo que permite una r\u00e1pida reconfiguraci\u00f3n, reduce el desorden, se adapta a estudiantes diversos e integra la energ\u00eda y la tecnolog\u00eda de forma intencionada. La planificaci\u00f3n tecnol\u00f3gica prioriza el equilibrio, fomentando la colaboraci\u00f3n y la creaci\u00f3n sin una dependencia excesiva de las pantallas.<\/p><p>En conjunto, este paquete alinea la planificaci\u00f3n de las instalaciones con la Visi\u00f3n Estrat\u00e9gica del Distrito y las prioridades del LCAP, promoviendo la equidad, el bienestar estudiantil, la preparaci\u00f3n para la universidad y la carrera profesional, y la gesti\u00f3n a largo plazo. Guiar\u00e1 la Planificaci\u00f3n Maestra de Instalaciones, las iniciativas de modernizaci\u00f3n y las futuras construcciones, proporcionando un marco claro y cohesivo para la toma de decisiones.<\/p>\t\t\t\t\t\t\t\t<\/div>\n\t\t\t\t<\/div>\n\t\t\t\t<\/div>\n\t\t\t\t\t<\/div>\n\t\t\t\t<\/div>\n\t\t\t\t<\/div>","protected":false},"excerpt":{"rendered":"<p>Resumen ejecutivo Descripci\u00f3n general del distrito Descripci\u00f3n general del proceso Participaci\u00f3n comunitaria Evaluaci\u00f3n de las condiciones existentes y programa de modernizaci\u00f3n propuesto Resumen de la visi\u00f3n y los est\u00e1ndares y estimaciones de costos [\u2026]<\/p>","protected":false},"author":5,"featured_media":0,"parent":1549,"menu_order":0,"comment_status":"closed","ping_status":"closed","template":"","meta":{"_acf_changed":false,"footnotes":""},"class_list":["post-1765","page","type-page","status-publish","hentry"],"acf":[],"_links":{"self":[{"href":"https:\/\/gusdfmp.org\/es\/wp-json\/wp\/v2\/pages\/1765","targetHints":{"allow":["GET"]}}],"collection":[{"href":"https:\/\/gusdfmp.org\/es\/wp-json\/wp\/v2\/pages"}],"about":[{"href":"https:\/\/gusdfmp.org\/es\/wp-json\/wp\/v2\/types\/page"}],"author":[{"embeddable":true,"href":"https:\/\/gusdfmp.org\/es\/wp-json\/wp\/v2\/users\/5"}],"replies":[{"embeddable":true,"href":"https:\/\/gusdfmp.org\/es\/wp-json\/wp\/v2\/comments?post=1765"}],"version-history":[{"count":85,"href":"https:\/\/gusdfmp.org\/es\/wp-json\/wp\/v2\/pages\/1765\/revisions"}],"predecessor-version":[{"id":3531,"href":"https:\/\/gusdfmp.org\/es\/wp-json\/wp\/v2\/pages\/1765\/revisions\/3531"}],"up":[{"embeddable":true,"href":"https:\/\/gusdfmp.org\/es\/wp-json\/wp\/v2\/pages\/1549"}],"wp:attachment":[{"href":"https:\/\/gusdfmp.org\/es\/wp-json\/wp\/v2\/media?parent=1765"}],"curies":[{"name":"wp","href":"https:\/\/api.w.org\/{rel}","templated":true}]}}