{"id":2019,"date":"2026-01-12T07:25:25","date_gmt":"2026-01-12T07:25:25","guid":{"rendered":"https:\/\/gusd.happy-staging.com\/?page_id=2019"},"modified":"2026-01-29T02:58:20","modified_gmt":"2026-01-29T02:58:20","slug":"flexible-furniture-guide","status":"publish","type":"page","link":"https:\/\/gusdfmp.org\/es\/facilities-master-plan\/program-vision-and-standards\/flexible-furniture-guide\/","title":{"rendered":"Gu\u00eda de muebles flexibles"},"content":{"rendered":"<div data-elementor-type=\"wp-page\" data-elementor-id=\"2019\" class=\"elementor elementor-2019\" data-elementor-settings=\"{&quot;element_pack_global_tooltip_width&quot;:{&quot;unit&quot;:&quot;px&quot;,&quot;size&quot;:&quot;&quot;,&quot;sizes&quot;:[]},&quot;element_pack_global_tooltip_width_tablet&quot;:{&quot;unit&quot;:&quot;px&quot;,&quot;size&quot;:&quot;&quot;,&quot;sizes&quot;:[]},&quot;element_pack_global_tooltip_width_mobile&quot;:{&quot;unit&quot;:&quot;px&quot;,&quot;size&quot;:&quot;&quot;,&quot;sizes&quot;:[]},&quot;element_pack_global_tooltip_padding&quot;:{&quot;unit&quot;:&quot;px&quot;,&quot;top&quot;:&quot;&quot;,&quot;right&quot;:&quot;&quot;,&quot;bottom&quot;:&quot;&quot;,&quot;left&quot;:&quot;&quot;,&quot;isLinked&quot;:true},&quot;element_pack_global_tooltip_padding_tablet&quot;:{&quot;unit&quot;:&quot;px&quot;,&quot;top&quot;:&quot;&quot;,&quot;right&quot;:&quot;&quot;,&quot;bottom&quot;:&quot;&quot;,&quot;left&quot;:&quot;&quot;,&quot;isLinked&quot;:true},&quot;element_pack_global_tooltip_padding_mobile&quot;:{&quot;unit&quot;:&quot;px&quot;,&quot;top&quot;:&quot;&quot;,&quot;right&quot;:&quot;&quot;,&quot;bottom&quot;:&quot;&quot;,&quot;left&quot;:&quot;&quot;,&quot;isLinked&quot;:true},&quot;element_pack_global_tooltip_border_radius&quot;:{&quot;unit&quot;:&quot;px&quot;,&quot;top&quot;:&quot;&quot;,&quot;right&quot;:&quot;&quot;,&quot;bottom&quot;:&quot;&quot;,&quot;left&quot;:&quot;&quot;,&quot;isLinked&quot;:true},&quot;element_pack_global_tooltip_border_radius_tablet&quot;:{&quot;unit&quot;:&quot;px&quot;,&quot;top&quot;:&quot;&quot;,&quot;right&quot;:&quot;&quot;,&quot;bottom&quot;:&quot;&quot;,&quot;left&quot;:&quot;&quot;,&quot;isLinked&quot;:true},&quot;element_pack_global_tooltip_border_radius_mobile&quot;:{&quot;unit&quot;:&quot;px&quot;,&quot;top&quot;:&quot;&quot;,&quot;right&quot;:&quot;&quot;,&quot;bottom&quot;:&quot;&quot;,&quot;left&quot;:&quot;&quot;,&quot;isLinked&quot;:true}}\" data-elementor-post-type=\"page\">\n\t\t\t\t<div class=\"elementor-element elementor-element-34bf2760 e-con-full elementor-hidden-tablet elementor-hidden-mobile bdt-backdrop-filter-yes e-flex e-con e-parent\" data-id=\"34bf2760\" data-element_type=\"container\" id=\"anchor-menu\" data-settings=\"{&quot;sticky&quot;:&quot;top&quot;,&quot;sticky_on&quot;:[&quot;desktop&quot;],&quot;sticky_offset&quot;:119,&quot;sticky_effects_offset&quot;:0,&quot;sticky_anchor_link_offset&quot;:0}\">\n\t\t\t\t<div class=\"elementor-element elementor-element-5fd98a0b elementor-widget elementor-widget-bdt-scrollnav\" data-id=\"5fd98a0b\" data-element_type=\"widget\" data-widget_type=\"bdt-scrollnav.default\">\n\t\t\t\t<div class=\"elementor-widget-container\">\n\t\t\t\t\t\t\t<div class=\"bdt-scrollnav bdt-navbar-container bdt-navbar-transparent bdt-navbar\" data-bdt-navbar=\"\">\r\n\t\t\t<div class=\"bdt-navbar-center\">\r\n\t\t\t\t<ul class=\"bdt-navbar-nav\" data-bdt-scrollspy-nav=\"closest: li; scroll: true; offset: 197;\">\r\n\t\t\t\t\t\t\t\t<li>\r\n\t\t\t\t<a data-tippy-content=\"\" href=\"\/es\/facilities-master-plan\/executive-summary\/\">\r\n\t\t\t\t\tResumen ejecutivo\t\t\t\t\t\t\t\t\t<\/a>\r\n\t\t\t<\/li>\r\n\t\t\t\t\t\t<li>\r\n\t\t\t\t<a data-tippy-content=\"\" href=\"\/es\/facilities-master-plan\/district-overview\/\">\r\n\t\t\t\t\tDescripci\u00f3n general del distrito\t\t\t\t\t\t\t\t\t<\/a>\r\n\t\t\t<\/li>\r\n\t\t\t\t\t\t<li>\r\n\t\t\t\t<a data-tippy-content=\"\" href=\"\/es\/facilities-master-plan\/process-overview\/\">\r\n\t\t\t\t\tDescripci\u00f3n general del proceso\t\t\t\t\t\t\t\t\t<\/a>\r\n\t\t\t<\/li>\r\n\t\t\t\t\t\t<li>\r\n\t\t\t\t<a data-tippy-content=\"\" href=\"\/es\/facilities-master-plan\/community-engagement\/\">\r\n\t\t\t\t\tParticipaci\u00f3n comunitaria\t\t\t\t\t\t\t\t\t<\/a>\r\n\t\t\t<\/li>\r\n\t\t\t\t\t\t<li>\r\n\t\t\t\t<a data-tippy-content=\"\" href=\"\/es\/facilities-master-plan\/existing-condition-assessment-and-proposed-modernization\/\">\r\n\t\t\t\t\tEvaluaci\u00f3n del estado actual y modernizaci\u00f3n propuesta\t\t\t\t\t\t\t\t\t<\/a>\r\n\t\t\t<\/li>\r\n\t\t\t\t\t\t<li>\r\n\t\t\t\t<a data-tippy-content=\"\" href=\"\/es\/facilities-master-plan\/program-vision-and-standards\/\">\r\n\t\t\t\t\tVisi\u00f3n y est\u00e1ndares del programa\t\t\t\t\t\t\t\t\t<\/a>\r\n\t\t\t<\/li>\r\n\t\t\t\t\t\t<li>\r\n\t\t\t\t<a data-tippy-content=\"\" href=\"\/es\/facilities-master-plan\/summary-and-cost-estimates\/\">\r\n\t\t\t\t\tResumen y estimaciones de costos\t\t\t\t\t\t\t\t\t<\/a>\r\n\t\t\t<\/li>\r\n\t\t\t\t\t\t\t<\/ul>\r\n\t\t\t<\/div>\r\n\t\t<\/div>\r\n\t    \t\t\t\t<\/div>\n\t\t\t\t<\/div>\n\t\t\t\t<\/div>\n\t\t<div class=\"elementor-element elementor-element-717abd8f no-top e-flex e-con-boxed e-con e-parent\" data-id=\"717abd8f\" data-element_type=\"container\">\n\t\t\t\t\t<div class=\"e-con-inner\">\n\t\t<div class=\"elementor-element elementor-element-65adfd3d e-con-full e-flex e-con e-child\" data-id=\"65adfd3d\" data-element_type=\"container\">\n\t\t<div class=\"elementor-element elementor-element-54b7d9e5 e-con-full elementor-hidden-tablet elementor-hidden-mobile e-flex e-con e-child\" data-id=\"54b7d9e5\" data-element_type=\"container\" id=\"sidebar-menu\" data-settings=\"{&quot;sticky&quot;:&quot;top&quot;,&quot;sticky_offset&quot;:220,&quot;sticky_anchor_link_offset&quot;:220,&quot;sticky_on&quot;:[&quot;desktop&quot;,&quot;tablet&quot;],&quot;sticky_effects_offset&quot;:0}\">\n\t\t\t\t<div class=\"elementor-element elementor-element-ff7f62e elementor-align-justify elementor-widget elementor-widget-bdt-modal\" data-id=\"ff7f62e\" data-element_type=\"widget\" data-widget_type=\"bdt-modal.default\">\n\t\t\t\t<div class=\"elementor-widget-container\">\n\t\t\t\t\t\t\t<div class=\"bdt-modal-wrapper\">\r\n\r\n\t\t\t\t\t<a class=\"bdt-modal-button elementor-button elementor-size-sm\" data-bdt-toggle=\"target: #bdt-modal-ff7f62e\" href=\"javascript:void(0)\">\r\n\t\t\t<!-- <span > -->\r\n\t\t\t\t\t\t<span class=\"elementor-button-text\">2016 Supplement<\/span>\r\n\t\t\t<!-- <\/span> -->\r\n\t\t<\/a>\r\n\r\n\t\t\t<div id=\"bdt-modal-ff7f62e\" class=\"bdt-modal-ff7f62e bdt-modal\" data-bdt-modal=\"\" data-settings=\"{&quot;id&quot;:&quot;bdt-modal-ff7f62e&quot;,&quot;widgetId&quot;:&quot;bdt-modal-ff7f62e&quot;,&quot;layout&quot;:&quot;default&quot;,&quot;splashDelay&quot;:false,&quot;splashInactivity&quot;:false,&quot;displayTimes&quot;:false,&quot;displayTimesExpire&quot;:12,&quot;cacheOnAdmin&quot;:false,&quot;scrollDirection&quot;:false,&quot;scrollOffset&quot;:false,&quot;scrollSelector&quot;:false,&quot;modal_id&quot;:&quot;#bdt-modal-ff7f62e&quot;,&quot;custom_section&quot;:false,&quot;closeBtnDelayShow&quot;:false,&quot;delayTime&quot;:false,&quot;pageID&quot;:2019}\">\r\n\t\t\t\t<div class=\"bdt-modal-dialog\">\r\n\r\n\t\t\t\t\t\t\t\t\t\t\t<button class=\"bdt-modal-close-default elementor-animation-\" id=\"bdt-modal-close-button\" type=\"button\" data-bdt-close><\/button>\r\n\t\t\t\t\t\r\n\t\t\t\t\t\t\t\t\t\t\t<div class=\"bdt-modal-header bdt-text-left\">\r\n\t\t\t\t\t\t\t<h3 class=\"bdt-modal-title\">Este es el t\u00edtulo de tu encabezado modal<\/h3>\r\n\t\t\t\t\t\t<\/div>\r\n\t\t\t\t\t\r\n\t\t\t\t\t<div class=\"bdt-modal-body bdt-text-\">\r\n\t\t\t\t\t\t<iframe style=\"border: 0; height: 90vh;\" src=\"https:\/\/gusdfmp.org\/wp-content\/uploads\/2026\/01\/Program-Vision-and-Standards-LPA-reduce-size.pdf\" width=\"100%\" height=\"100%\" frameborder=\"0\"><\/iframe>\t\t\t\t\t<\/div>\r\n\r\n\t\t\t\t\t\t\t\t\t\t\t<div class=\"bdt-modal-footer bdt-text-left\">\r\n\t\t\t\t\t\t\tEl pie de p\u00e1gina modal va aqu\u00ed\t\t\t\t\t\t<\/div>\r\n\t\t\t\t\t\t\t\t\t<\/div>\r\n\t\t\t<\/div>\r\n\t\t<\/div>\r\n\r\n\t\t\t\t\t<\/div>\n\t\t\t\t<\/div>\n\t\t\t\t<div class=\"elementor-element elementor-element-1cee1629 elementor-align-justify elementor-widget elementor-widget-button\" data-id=\"1cee1629\" data-element_type=\"widget\" data-widget_type=\"button.default\">\n\t\t\t\t<div class=\"elementor-widget-container\">\n\t\t\t\t\t\t\t\t\t<div class=\"elementor-button-wrapper\">\n\t\t\t\t\t<a class=\"elementor-button elementor-button-link elementor-size-sm\" href=\"https:\/\/gusdfmp.org\/es\/facilities-master-plan\/program-vision-and-standards\/2026-supplement-elementary-and-middle-school-program-vision-and-standard\/\">\n\t\t\t\t\t\t<span class=\"elementor-button-content-wrapper\">\n\t\t\t\t\t\t\t\t\t<span class=\"elementor-button-text\">Suplemento 2026 - Visi\u00f3n y Est\u00e1ndar del Programa de Escuela Primaria y Secundaria<\/span>\n\t\t\t\t\t<\/span>\n\t\t\t\t\t<\/a>\n\t\t\t\t<\/div>\n\t\t\t\t\t\t\t\t<\/div>\n\t\t\t\t<\/div>\n\t\t\t\t<div class=\"elementor-element elementor-element-573afa4 elementor-align-justify elementor-widget elementor-widget-button\" data-id=\"573afa4\" data-element_type=\"widget\" data-widget_type=\"button.default\">\n\t\t\t\t<div class=\"elementor-widget-container\">\n\t\t\t\t\t\t\t\t\t<div class=\"elementor-button-wrapper\">\n\t\t\t\t\t<a class=\"elementor-button elementor-button-link elementor-size-sm\" href=\"https:\/\/gusdfmp.org\/es\/facilities-master-plan\/program-vision-and-standards\/2026-supplement-high-school-program-vision-and-standard\/\">\n\t\t\t\t\t\t<span class=\"elementor-button-content-wrapper\">\n\t\t\t\t\t\t\t\t\t<span class=\"elementor-button-text\">Suplemento 2026 - Visi\u00f3n y Est\u00e1ndar del Programa de Escuela Secundaria<\/span>\n\t\t\t\t\t<\/span>\n\t\t\t\t\t<\/a>\n\t\t\t\t<\/div>\n\t\t\t\t\t\t\t\t<\/div>\n\t\t\t\t<\/div>\n\t\t\t\t<div class=\"elementor-element elementor-element-5462db36 elementor-align-justify elementor-widget elementor-widget-button\" data-id=\"5462db36\" data-element_type=\"widget\" data-widget_type=\"button.default\">\n\t\t\t\t<div class=\"elementor-widget-container\">\n\t\t\t\t\t\t\t\t\t<div class=\"elementor-button-wrapper\">\n\t\t\t\t\t<a class=\"elementor-button elementor-button-link elementor-size-sm\" href=\"https:\/\/gusdfmp.org\/es\/facilities-master-plan\/program-vision-and-standards\/lcap-alignment\/\">\n\t\t\t\t\t\t<span class=\"elementor-button-content-wrapper\">\n\t\t\t\t\t\t\t\t\t<span class=\"elementor-button-text\">Alineaci\u00f3n del LCAP<\/span>\n\t\t\t\t\t<\/span>\n\t\t\t\t\t<\/a>\n\t\t\t\t<\/div>\n\t\t\t\t\t\t\t\t<\/div>\n\t\t\t\t<\/div>\n\t\t\t\t<div class=\"elementor-element elementor-element-178a3a8 elementor-align-justify elementor-widget elementor-widget-button\" data-id=\"178a3a8\" data-element_type=\"widget\" data-widget_type=\"button.default\">\n\t\t\t\t<div class=\"elementor-widget-container\">\n\t\t\t\t\t\t\t\t\t<div class=\"elementor-button-wrapper\">\n\t\t\t\t\t<a class=\"elementor-button elementor-button-link elementor-size-sm\" href=\"https:\/\/gusdfmp.org\/es\/facilities-master-plan\/program-vision-and-standards\/sustainable-facilities-planning-guide\/\">\n\t\t\t\t\t\t<span class=\"elementor-button-content-wrapper\">\n\t\t\t\t\t\t\t\t\t<span class=\"elementor-button-text\">Gu\u00eda de planificaci\u00f3n de instalaciones sostenibles<\/span>\n\t\t\t\t\t<\/span>\n\t\t\t\t\t<\/a>\n\t\t\t\t<\/div>\n\t\t\t\t\t\t\t\t<\/div>\n\t\t\t\t<\/div>\n\t\t\t\t<div class=\"elementor-element elementor-element-62d982b8 elementor-align-justify elementor-widget elementor-widget-button\" data-id=\"62d982b8\" data-element_type=\"widget\" data-widget_type=\"button.default\">\n\t\t\t\t<div class=\"elementor-widget-container\">\n\t\t\t\t\t\t\t\t\t<div class=\"elementor-button-wrapper\">\n\t\t\t\t\t<a class=\"elementor-button elementor-button-link elementor-size-sm\" href=\"https:\/\/gusdfmp.org\/es\/facilities-master-plan\/program-vision-and-standards\/technology-integration\/\">\n\t\t\t\t\t\t<span class=\"elementor-button-content-wrapper\">\n\t\t\t\t\t\t\t\t\t<span class=\"elementor-button-text\">Integraci\u00f3n de tecnolog\u00eda<\/span>\n\t\t\t\t\t<\/span>\n\t\t\t\t\t<\/a>\n\t\t\t\t<\/div>\n\t\t\t\t\t\t\t\t<\/div>\n\t\t\t\t<\/div>\n\t\t\t\t<div class=\"elementor-element elementor-element-241043c5 elementor-align-justify elementor-widget elementor-widget-button\" data-id=\"241043c5\" data-element_type=\"widget\" data-widget_type=\"button.default\">\n\t\t\t\t<div class=\"elementor-widget-container\">\n\t\t\t\t\t\t\t\t\t<div class=\"elementor-button-wrapper\">\n\t\t\t\t\t<a class=\"elementor-button elementor-button-link elementor-size-sm\" href=\"https:\/\/gusdfmp.org\/es\/facilities-master-plan\/program-vision-and-standards\/flexible-furniture-guide\/\">\n\t\t\t\t\t\t<span class=\"elementor-button-content-wrapper\">\n\t\t\t\t\t\t\t\t\t<span class=\"elementor-button-text\">Gu\u00eda de muebles flexibles<\/span>\n\t\t\t\t\t<\/span>\n\t\t\t\t\t<\/a>\n\t\t\t\t<\/div>\n\t\t\t\t\t\t\t\t<\/div>\n\t\t\t\t<\/div>\n\t\t\t\t<\/div>\n\t\t\t\t<\/div>\n\t\t<div class=\"elementor-element elementor-element-63c98532 e-con-full e-flex e-con e-child\" data-id=\"63c98532\" data-element_type=\"container\">\n\t\t\t\t<div class=\"elementor-element elementor-element-507097e5 elementor-widget-divider--view-line_text elementor-widget-divider--element-align-left elementor-widget elementor-widget-divider\" data-id=\"507097e5\" data-element_type=\"widget\" data-widget_type=\"divider.default\">\n\t\t\t\t<div class=\"elementor-widget-container\">\n\t\t\t\t\t\t\t<div class=\"elementor-divider\">\n\t\t\t<span class=\"elementor-divider-separator\">\n\t\t\t\t\t\t\t<h3 class=\"elementor-divider__text elementor-divider__element\">\n\t\t\t\tExecutive Summary \u2013 Flexible Furniture Integration in Educational Specifications\t\t\t\t<\/h3>\n\t\t\t\t\t\t<\/span>\n\t\t<\/div>\n\t\t\t\t\t\t<\/div>\n\t\t\t\t<\/div>\n\t\t\t\t<div class=\"elementor-element elementor-element-8771530 elementor-widget elementor-widget-text-editor\" data-id=\"8771530\" data-element_type=\"widget\" data-widget_type=\"text-editor.default\">\n\t\t\t\t<div class=\"elementor-widget-container\">\n\t\t\t\t\t\t\t\t\t<p>The Gilroy Unified School District Educational Specifications incorporate flexible furniture as a critical component of modern, inclusive learning environments that align with the District\u2019s LCAP priorities of equity, engagement, wellness, and instructional innovation. While the LCAP does not reference furniture explicitly, its emphasis on differentiated instruction, co-teaching models, and 21st-century learning demands physical spaces that adapt to student needs and instructional strategies.<\/p><p>Flexible furniture supports GUSD\u2019s vision by enabling classrooms to be reconfigured for whole-group, small-group, and individualized instruction. At the TK\u20135 level, child-scaled and movement-responsive seating promotes engagement, especially in dual immersion and inclusion settings. Classrooms are designed to accommodate learning stations, reading corners, and sensory zones. Grades 6\u20138 emphasize collaboration and exploration; furniture must support science labs, maker activities, and interdisciplinary learning while also accommodating wellness zones and pull-out services. In grades 9\u201312, furniture supports college and career readiness through adaptable seating in core classrooms, modular furnishings in CTE labs, and studio-style layouts in digital media, culinary, and engineering spaces.<\/p><p>For Special Education, flexible furniture enhances access, comfort, and dignity, with adjustable-height desks, sensory seating, and portable assistive tech stations embedded within general education spaces. Furniture in these settings shall reflect principles of Universal Design, supporting a broad range of sensory, mobility, and cognitive needs in both general and specialized classrooms. Across all levels, shared planning rooms and professional learning spaces are equipped with mobile furniture to foster collaboration among educators and support hybrid training.<\/p><p>This approach ensures that learning environments in GUSD are physically equipped to support instructional equity, student wellness, and future-ready learning\u2014now and into the next generation.<\/p>\t\t\t\t\t\t\t\t<\/div>\n\t\t\t\t<\/div>\n\t\t\t\t<div class=\"elementor-element elementor-element-5ed20cf8 elementor-widget elementor-widget-heading\" data-id=\"5ed20cf8\" data-element_type=\"widget\" data-widget_type=\"heading.default\">\n\t\t\t\t<div class=\"elementor-widget-container\">\n\t\t\t\t\t<h5 class=\"elementor-heading-title elementor-size-default\">Purpose<\/h5>\t\t\t\t<\/div>\n\t\t\t\t<\/div>\n\t\t\t\t<div class=\"elementor-element elementor-element-10ec7f85 elementor-widget elementor-widget-text-editor\" data-id=\"10ec7f85\" data-element_type=\"widget\" data-widget_type=\"text-editor.default\">\n\t\t\t\t<div class=\"elementor-widget-container\">\n\t\t\t\t\t\t\t\t\tThis Flexible Furniture Planning Guide establishes standards for classroom and specialized learning environment furnishings that align with Gilroy Unified School District&#8217;s instructional priorities, equity goals, and Local Control and Accountability Plan (LCAP). Furniture in all educational settings shall support inclusive, adaptable, and future-ready teaching and learning practices.\t\t\t\t\t\t\t\t<\/div>\n\t\t\t\t<\/div>\n\t\t\t\t<div class=\"elementor-element elementor-element-72d73aa1 elementor-widget elementor-widget-heading\" data-id=\"72d73aa1\" data-element_type=\"widget\" data-widget_type=\"heading.default\">\n\t\t\t\t<div class=\"elementor-widget-container\">\n\t\t\t\t\t<h5 class=\"elementor-heading-title elementor-size-default\">Guiding Principles<\/h5>\t\t\t\t<\/div>\n\t\t\t\t<\/div>\n\t\t\t\t<div class=\"elementor-element elementor-element-33bff692 elementor-widget elementor-widget-text-editor\" data-id=\"33bff692\" data-element_type=\"widget\" data-widget_type=\"text-editor.default\">\n\t\t\t\t<div class=\"elementor-widget-container\">\n\t\t\t\t\t\t\t\t\t<ul><li>Instructional Flexibility: Enable varied instructional methods, including direct instruction, small-group learning, collaboration, and individual exploration.<\/li><li>Equity and Inclusion: Support accessibility for all learners, including students with disabilities and English Learners.<\/li><li>Developmental Appropriateness: Ensure furniture supports age-appropriate ergonomics, movement, and engagement.<\/li><li>Durability and Safety: Use high-quality, mobile furnishings that meet safety and sanitation standards.<\/li><li>Environmental Responsibility: Where feasible, furniture shall be selected with environmental sustainability in mind\u2014favoring low-emission, non-toxic, and recyclable materials that meet third-party health and environmental certifications.<\/li><\/ul>\t\t\t\t\t\t\t\t<\/div>\n\t\t\t\t<\/div>\n\t\t\t\t<div class=\"elementor-element elementor-element-1026041e elementor-widget elementor-widget-heading\" data-id=\"1026041e\" data-element_type=\"widget\" data-widget_type=\"heading.default\">\n\t\t\t\t<div class=\"elementor-widget-container\">\n\t\t\t\t\t<h5 class=\"elementor-heading-title elementor-size-default\">Grade-Level Framework<\/h5>\t\t\t\t<\/div>\n\t\t\t\t<\/div>\n\t\t\t\t<div class=\"elementor-element elementor-element-255bea67 elementor-widget elementor-widget-text-editor\" data-id=\"255bea67\" data-element_type=\"widget\" data-widget_type=\"text-editor.default\">\n\t\t\t\t<div class=\"elementor-widget-container\">\n\t\t\t\t\t\t\t\t\t<h6>TK\u20135<\/h6><ul><li>Movement-friendly seating (e.g., wobble stools, cushions, rocking chairs)<\/li><li>Appropriately sized (age) Mobile workstations for learning centers<\/li><li>Carpeted group areas and modular storage (e.g., All-Terrain Mobile Storage)<\/li><li>Writable surfaces for student use<\/li><\/ul><h6>Grades 6\u20138<\/h6><ul><li>Group tables and rolling chairs (e.g., Pirouette Tables, Toggle Tables)<\/li><li>Maker tables and mobile whiteboards<\/li><li>Reconfigurable classroom layouts using modular collections (e.g., Ruckus Collection)<\/li><li>Adjustable-height furniture for shared spaces<\/li><\/ul><h6>Grades 9\u201312<\/h6><ul><li>Collaboration pods and presentation zones<\/li><li>Lab tables with storage and utilities for STEM\/CTE (e.g., Tattoo Collection, Ruckus Desks)<\/li><li>Multi-functional seating for lecture, seminar, and project modes<\/li><li>Studio furniture for media, culinary, and design programs<\/li><\/ul>\t\t\t\t\t\t\t\t<\/div>\n\t\t\t\t<\/div>\n\t\t\t\t<div class=\"elementor-element elementor-element-b423d12 elementor-widget elementor-widget-heading\" data-id=\"b423d12\" data-element_type=\"widget\" data-widget_type=\"heading.default\">\n\t\t\t\t<div class=\"elementor-widget-container\">\n\t\t\t\t\t<h5 class=\"elementor-heading-title elementor-size-default\">Specialized Program Guidance<\/h5>\t\t\t\t<\/div>\n\t\t\t\t<\/div>\n\t\t\t\t<div class=\"elementor-element elementor-element-04d147d elementor-widget elementor-widget-text-editor\" data-id=\"04d147d\" data-element_type=\"widget\" data-widget_type=\"text-editor.default\">\n\t\t\t\t<div class=\"elementor-widget-container\">\n\t\t\t\t\t\t\t\t\t<h6>Special Education<\/h6><ul><li>Adjustable-height desks and sensory seating<\/li><li>Assistive tech workstations<\/li><li>Calming and privacy-supportive configurations<\/li><li>Universal Design features integrated throughout general and dedicated SPED environments<\/li><\/ul><h6>CTE Programs<\/h6><ul><li>Program-specific lab furniture (e.g., stainless steel for culinary, acoustically treated desks for media)<\/li><li>Lockable storage and mobile tool carts<\/li><li>Collaboration zones within labs using modular furniture<\/li><\/ul><h6>Wellness and Support Spaces<\/h6><ul><li>Soft seating, fidget-friendly options<\/li><li>Group and individual seating in calm zones<\/li><li>Modular furniture for counseling and SEL spaces (e.g., Tattoo Vanity, Universal Screens)<\/li><\/ul><h6>Staff Collaboration Spaces<\/h6><ul><li>Mobile tables and stackable chairs (e.g., Oath Task Chairs)<\/li><li>Writable collaboration surfaces<\/li><li>Hybrid meeting tech and furnishings<\/li><\/ul>\t\t\t\t\t\t\t\t<\/div>\n\t\t\t\t<\/div>\n\t\t\t\t<div class=\"elementor-element elementor-element-f3fd585 elementor-widget elementor-widget-heading\" data-id=\"f3fd585\" data-element_type=\"widget\" data-widget_type=\"heading.default\">\n\t\t\t\t<div class=\"elementor-widget-container\">\n\t\t\t\t\t<h5 class=\"elementor-heading-title elementor-size-default\">Implementation and Procurement<\/h5>\t\t\t\t<\/div>\n\t\t\t\t<\/div>\n\t\t\t\t<div class=\"elementor-element elementor-element-691d34b elementor-widget elementor-widget-text-editor\" data-id=\"691d34b\" data-element_type=\"widget\" data-widget_type=\"text-editor.default\">\n\t\t\t\t<div class=\"elementor-widget-container\">\n\t\t\t\t\t\t\t\t\t<ul><li>Furniture selection shall:<\/li><li>Be reviewed by site leadership and instructional teams<\/li><li>Align with the instructional goals of the space<\/li><li>Be included in all new construction and modernization projects<\/li><li>Support long-term adaptability and multi-use functionality<\/li><li>Reference standardized product lines adopted by GUSD where applicable, ensuring compatibility with district-wide learning models and sustainability values<\/li><\/ul>\t\t\t\t\t\t\t\t<\/div>\n\t\t\t\t<\/div>\n\t\t\t\t<\/div>\n\t\t\t\t\t<\/div>\n\t\t\t\t<\/div>\n\t\t\t\t<\/div>","protected":false},"excerpt":{"rendered":"<p>Resumen ejecutivo Descripci\u00f3n general del distrito Descripci\u00f3n general del proceso Participaci\u00f3n comunitaria Evaluaci\u00f3n de las condiciones existentes y programa de modernizaci\u00f3n propuesto Resumen de la visi\u00f3n y los est\u00e1ndares y estimaciones de costos [\u2026]<\/p>","protected":false},"author":5,"featured_media":0,"parent":1765,"menu_order":0,"comment_status":"closed","ping_status":"closed","template":"","meta":{"_acf_changed":false,"footnotes":""},"class_list":["post-2019","page","type-page","status-publish","hentry"],"acf":[],"_links":{"self":[{"href":"https:\/\/gusdfmp.org\/es\/wp-json\/wp\/v2\/pages\/2019","targetHints":{"allow":["GET"]}}],"collection":[{"href":"https:\/\/gusdfmp.org\/es\/wp-json\/wp\/v2\/pages"}],"about":[{"href":"https:\/\/gusdfmp.org\/es\/wp-json\/wp\/v2\/types\/page"}],"author":[{"embeddable":true,"href":"https:\/\/gusdfmp.org\/es\/wp-json\/wp\/v2\/users\/5"}],"replies":[{"embeddable":true,"href":"https:\/\/gusdfmp.org\/es\/wp-json\/wp\/v2\/comments?post=2019"}],"version-history":[{"count":34,"href":"https:\/\/gusdfmp.org\/es\/wp-json\/wp\/v2\/pages\/2019\/revisions"}],"predecessor-version":[{"id":3557,"href":"https:\/\/gusdfmp.org\/es\/wp-json\/wp\/v2\/pages\/2019\/revisions\/3557"}],"up":[{"embeddable":true,"href":"https:\/\/gusdfmp.org\/es\/wp-json\/wp\/v2\/pages\/1765"}],"wp:attachment":[{"href":"https:\/\/gusdfmp.org\/es\/wp-json\/wp\/v2\/media?parent=2019"}],"curies":[{"name":"wp","href":"https:\/\/api.w.org\/{rel}","templated":true}]}}